{"id":32982,"date":"2023-09-20T02:59:09","date_gmt":"2023-09-20T08:59:09","guid":{"rendered":"https:\/\/www.ufinet.com\/ufinet-el-salvador\/"},"modified":"2026-02-06T09:42:31","modified_gmt":"2026-02-06T15:42:31","slug":"ufinet-el-salvador","status":"publish","type":"page","link":"https:\/\/www.ufinet.com\/pt-br\/ufinet-el-salvador\/","title":{"rendered":"Ufinet El Salvador"},"content":{"rendered":"\t\t<div data-elementor-type=\"wp-page\" data-elementor-id=\"32982\" class=\"elementor elementor-32982 elementor-3294\" data-elementor-post-type=\"page\">\n\t\t\t\t<div class=\"elementor-element elementor-element-4bca46bf e-flex e-con-boxed e-con e-parent\" data-id=\"4bca46bf\" data-element_type=\"container\" data-e-type=\"container\" data-settings=\"{&quot;background_background&quot;:&quot;classic&quot;}\">\n\t\t\t\t\t<div class=\"e-con-inner\">\n\t\t<div class=\"elementor-element elementor-element-7c95bfbe e-flex e-con-boxed e-con e-child\" data-id=\"7c95bfbe\" data-element_type=\"container\" data-e-type=\"container\">\n\t\t\t\t\t<div class=\"e-con-inner\">\n\t\t\t\t<div class=\"elementor-element elementor-element-3d24ea1a elementor-widget elementor-widget-heading\" data-id=\"3d24ea1a\" data-element_type=\"widget\" data-e-type=\"widget\" data-widget_type=\"heading.default\">\n\t\t\t\t<div class=\"elementor-widget-container\">\n\t\t\t\t\t<h2 class=\"elementor-heading-title elementor-size-default\">Ufinet<\/h2>\t\t\t\t<\/div>\n\t\t\t\t<\/div>\n\t\t\t\t<div class=\"elementor-element elementor-element-67b77264 elementor-widget elementor-widget-heading\" data-id=\"67b77264\" data-element_type=\"widget\" data-e-type=\"widget\" data-widget_type=\"heading.default\">\n\t\t\t\t<div class=\"elementor-widget-container\">\n\t\t\t\t\t<h2 class=\"elementor-heading-title elementor-size-default\">El Salvador<\/h2>\t\t\t\t<\/div>\n\t\t\t\t<\/div>\n\t\t\t\t<div class=\"elementor-element elementor-element-283d2ec1 elementor-widget elementor-widget-button\" data-id=\"283d2ec1\" data-element_type=\"widget\" data-e-type=\"widget\" data-widget_type=\"button.default\">\n\t\t\t\t<div class=\"elementor-widget-container\">\n\t\t\t\t\t\t\t\t\t<div class=\"elementor-button-wrapper\">\n\t\t\t\t\t<a class=\"elementor-button elementor-button-link elementor-size-sm\" href=\"#elementor-action%3Aaction%3Dpopup%3Aopen%26settings%3DeyJpZCI6MzMyODIsInRvZ2dsZSI6ZmFsc2V9\">\n\t\t\t\t\t\t<span class=\"elementor-button-content-wrapper\">\n\t\t\t\t\t\t\t\t\t<span class=\"elementor-button-text\">Rede de El Salvador<\/span>\n\t\t\t\t\t<\/span>\n\t\t\t\t\t<\/a>\n\t\t\t\t<\/div>\n\t\t\t\t\t\t\t\t<\/div>\n\t\t\t\t<\/div>\n\t\t\t\t\t<\/div>\n\t\t\t\t<\/div>\n\t\t\t\t\t<\/div>\n\t\t\t\t<\/div>\n\t\t<div class=\"elementor-element elementor-element-7fe091e3 e-flex e-con-boxed e-con e-parent\" data-id=\"7fe091e3\" data-element_type=\"container\" data-e-type=\"container\" data-settings=\"{&quot;background_background&quot;:&quot;classic&quot;}\">\n\t\t\t\t\t<div class=\"e-con-inner\">\n\t\t\t\t<div class=\"elementor-element elementor-element-99ef52 elementor-widget elementor-widget-heading\" data-id=\"99ef52\" data-element_type=\"widget\" data-e-type=\"widget\" data-widget_type=\"heading.default\">\n\t\t\t\t<div class=\"elementor-widget-container\">\n\t\t\t\t\t<h2 class=\"elementor-heading-title elementor-size-default\">Escrit\u00f3rios em El Salvador<\/h2>\t\t\t\t<\/div>\n\t\t\t\t<\/div>\n\t\t\t\t<div class=\"elementor-element elementor-element-5e89d46f e-n-tabs-mobile elementor-widget elementor-widget-n-tabs\" data-id=\"5e89d46f\" data-element_type=\"widget\" data-e-type=\"widget\" data-settings=\"{&quot;tabs_justify_horizontal&quot;:&quot;center&quot;,&quot;horizontal_scroll&quot;:&quot;disable&quot;}\" data-widget_type=\"nested-tabs.default\">\n\t\t\t\t<div class=\"elementor-widget-container\">\n\t\t\t\t\t\t\t<div class=\"e-n-tabs\" data-widget-number=\"1586091119\" aria-label=\"Abas. Abra itens com &quot;Enter&quot; ou &quot;Espa\u00e7o&quot;, feche com &quot;Escape&quot; e navegue usando as teclas de &quot;Seta&quot;.\">\n\t\t\t<div class=\"e-n-tabs-heading\" role=\"tablist\">\n\t\t\t\t\t<button id=\"e-n-tab-title-15860911191\" data-tab-title-id=\"e-n-tab-title-15860911191\" class=\"e-n-tab-title\" aria-selected=\"true\" data-tab-index=\"1\" role=\"tab\" tabindex=\"0\" aria-controls=\"e-n-tab-content-15860911191\" style=\"--n-tabs-title-order: 1;\">\n\t\t\t\t\t\t<span class=\"e-n-tab-title-text\">\n\t\t\t\tS\u00e3o Salvador\t\t\t<\/span>\n\t\t<\/button>\n\t\t\t\t\t<\/div>\n\t\t\t<div class=\"e-n-tabs-content\">\n\t\t\t\t<div id=\"e-n-tab-content-15860911191\" role=\"tabpanel\" aria-labelledby=\"e-n-tab-title-15860911191\" data-tab-index=\"1\" style=\"--n-tabs-title-order: 1;\" class=\"e-active elementor-element elementor-element-5af83cf8 e-con-full e-flex e-con e-child\" data-id=\"5af83cf8\" data-element_type=\"container\" data-e-type=\"container\">\n\t\t<div class=\"elementor-element elementor-element-5701b6e6 e-flex e-con-boxed e-con e-child\" data-id=\"5701b6e6\" data-element_type=\"container\" data-e-type=\"container\">\n\t\t\t\t\t<div class=\"e-con-inner\">\n\t\t<div class=\"elementor-element elementor-element-159fb499 e-con-full e-flex e-con e-child\" data-id=\"159fb499\" data-element_type=\"container\" data-e-type=\"container\" data-settings=\"{&quot;background_background&quot;:&quot;classic&quot;}\">\n\t\t\t\t<div class=\"elementor-element elementor-element-4ef248a5 elementor-widget elementor-widget-heading\" data-id=\"4ef248a5\" data-element_type=\"widget\" data-e-type=\"widget\" data-widget_type=\"heading.default\">\n\t\t\t\t<div class=\"elementor-widget-container\">\n\t\t\t\t\t<h2 class=\"elementor-heading-title elementor-size-default\">Sede da empresa<\/h2>\t\t\t\t<\/div>\n\t\t\t\t<\/div>\n\t\t\t\t<div class=\"elementor-element elementor-element-1558c5bb elementor-widget elementor-widget-heading\" data-id=\"1558c5bb\" data-element_type=\"widget\" data-e-type=\"widget\" data-widget_type=\"heading.default\">\n\t\t\t\t<div class=\"elementor-widget-container\">\n\t\t\t\t\t<h2 class=\"elementor-heading-title elementor-size-default\">S\u00e3o Salvador<\/h2>\t\t\t\t<\/div>\n\t\t\t\t<\/div>\n\t\t<div class=\"elementor-element elementor-element-a9ac75 e-con-full e-flex e-con e-child\" data-id=\"a9ac75\" data-element_type=\"container\" data-e-type=\"container\">\n\t\t\t\t<div class=\"elementor-element elementor-element-6be203e9 elementor-align-start elementor-icon-list--layout-traditional elementor-list-item-link-full_width elementor-widget elementor-widget-icon-list\" data-id=\"6be203e9\" data-element_type=\"widget\" data-e-type=\"widget\" data-widget_type=\"icon-list.default\">\n\t\t\t\t<div class=\"elementor-widget-container\">\n\t\t\t\t\t\t\t<ul class=\"elementor-icon-list-items\">\n\t\t\t\t\t\t\t<li class=\"elementor-icon-list-item\">\n\t\t\t\t\t\t\t\t\t\t\t<span class=\"elementor-icon-list-icon\">\n\t\t\t\t\t\t\t<svg aria-hidden=\"true\" class=\"e-font-icon-svg e-fas-map-marker-alt\" viewBox=\"0 0 384 512\" xmlns=\"http:\/\/www.w3.org\/2000\/svg\"><path d=\"M172.268 501.67C26.97 291.031 0 269.413 0 192 0 85.961 85.961 0 192 0s192 85.961 192 192c0 77.413-26.97 99.031-172.268 309.67-9.535 13.774-29.93 13.773-39.464 0zM192 272c44.183 0 80-35.817 80-80s-35.817-80-80-80-80 35.817-80 80 35.817 80 80 80z\"><\/path><\/svg>\t\t\t\t\t\t<\/span>\n\t\t\t\t\t\t\t\t\t\t<span class=\"elementor-icon-list-text\">Blvd. Santa Elena, Edificio FUSADES, <\/span>\n\t\t\t\t\t\t\t\t\t<\/li>\n\t\t\t\t\t\t\t\t<li class=\"elementor-icon-list-item\">\n\t\t\t\t\t\t\t\t\t\t<span class=\"elementor-icon-list-text\">Edificio Anexo, Nivel 2, Local 2, Antiguo Cuscatl\u00e1n,<\/span>\n\t\t\t\t\t\t\t\t\t<\/li>\n\t\t\t\t\t\t\t\t<li class=\"elementor-icon-list-item\">\n\t\t\t\t\t\t\t\t\t\t<span class=\"elementor-icon-list-text\">La Libertad Este, El Salvador<\/span>\n\t\t\t\t\t\t\t\t\t<\/li>\n\t\t\t\t\t\t\t\t<li class=\"elementor-icon-list-item\">\n\t\t\t\t\t\t\t\t\t\t\t<span class=\"elementor-icon-list-icon\">\n\t\t\t\t\t\t\t<svg aria-hidden=\"true\" class=\"e-font-icon-svg e-fas-phone-alt\" viewBox=\"0 0 512 512\" xmlns=\"http:\/\/www.w3.org\/2000\/svg\"><path d=\"M497.39 361.8l-112-48a24 24 0 0 0-28 6.9l-49.6 60.6A370.66 370.66 0 0 1 130.6 204.11l60.6-49.6a23.94 23.94 0 0 0 6.9-28l-48-112A24.16 24.16 0 0 0 122.6.61l-104 24A24 24 0 0 0 0 48c0 256.5 207.9 464 464 464a24 24 0 0 0 23.4-18.6l24-104a24.29 24.29 0 0 0-14.01-27.6z\"><\/path><\/svg>\t\t\t\t\t\t<\/span>\n\t\t\t\t\t\t\t\t\t\t<span class=\"elementor-icon-list-text\">+503 2273 9552<\/span>\n\t\t\t\t\t\t\t\t\t<\/li>\n\t\t\t\t\t\t<\/ul>\n\t\t\t\t\t\t<\/div>\n\t\t\t\t<\/div>\n\t\t\t\t<\/div>\n\t\t\t\t<\/div>\n\t\t<div class=\"elementor-element elementor-element-5b557763 e-con-full e-flex e-con e-child\" data-id=\"5b557763\" data-element_type=\"container\" data-e-type=\"container\">\n\t\t\t\t<div class=\"elementor-element elementor-element-47323281 elementor-widget elementor-widget-google_maps\" data-id=\"47323281\" data-element_type=\"widget\" data-e-type=\"widget\" data-widget_type=\"google_maps.default\">\n\t\t\t\t<div class=\"elementor-widget-container\">\n\t\t\t\t\t\t\t<div class=\"elementor-custom-embed\">\n\t\t\t<iframe loading=\"lazy\"\n\t\t\t\t\tsrc=\"https:\/\/maps.google.com\/maps?q=13.668657475552946%2C%20-89.25547893938005&#038;t=m&#038;z=19&#038;output=embed&#038;iwloc=near\"\n\t\t\t\t\ttitle=\"13.668657475552946, -89.25547893938005\"\n\t\t\t\t\taria-label=\"13.668657475552946, -89.25547893938005\"\n\t\t\t><\/iframe>\n\t\t<\/div>\n\t\t\t\t\t\t<\/div>\n\t\t\t\t<\/div>\n\t\t\t\t<\/div>\n\t\t\t\t\t<\/div>\n\t\t\t\t<\/div>\n\t\t\t\t<\/div>\n\t\t\t\t\t<\/div>\n\t\t<\/div>\n\t\t\t\t\t\t<\/div>\n\t\t\t\t<\/div>\n\t\t\t\t\t<\/div>\n\t\t\t\t<\/div>\n\t\t<div class=\"elementor-element elementor-element-2cf229b3 e-flex e-con-boxed e-con e-parent\" data-id=\"2cf229b3\" data-element_type=\"container\" data-e-type=\"container\" data-settings=\"{&quot;background_background&quot;:&quot;classic&quot;}\">\n\t\t\t\t\t<div class=\"e-con-inner\">\n\t\t\t\t<div class=\"elementor-element elementor-element-3c9087c1 elementor-widget elementor-widget-heading\" data-id=\"3c9087c1\" data-element_type=\"widget\" data-e-type=\"widget\" data-widget_type=\"heading.default\">\n\t\t\t\t<div class=\"elementor-widget-container\">\n\t\t\t\t\t<h4 class=\"elementor-heading-title elementor-size-default\">Entre em contato com um de nossos especialistas<\/h4>\t\t\t\t<\/div>\n\t\t\t\t<\/div>\n\t\t\t\t<div class=\"elementor-element elementor-element-e0f698b elementor-widget elementor-widget-global elementor-global-33409 elementor-global-8282 elementor-widget-button\" data-id=\"e0f698b\" data-element_type=\"widget\" data-e-type=\"widget\" data-widget_type=\"button.default\">\n\t\t\t\t<div class=\"elementor-widget-container\">\n\t\t\t\t\t\t\t\t\t<div class=\"elementor-button-wrapper\">\n\t\t\t\t\t<a class=\"elementor-button elementor-button-link elementor-size-sm\" href=\"https:\/\/www.ufinet.com\/pt-br\/entre-em-contato-conosco-em\/\">\n\t\t\t\t\t\t<span class=\"elementor-button-content-wrapper\">\n\t\t\t\t\t\t\t\t\t<span class=\"elementor-button-text\">Entre em contato conosco<\/span>\n\t\t\t\t\t<\/span>\n\t\t\t\t\t<\/a>\n\t\t\t\t<\/div>\n\t\t\t\t\t\t\t\t<\/div>\n\t\t\t\t<\/div>\n\t\t\t\t<div class=\"elementor-element elementor-element-522a929 elementor-view-stacked elementor-fixed elementor-hidden-tablet elementor-shape-circle elementor-widget elementor-widget-icon\" data-id=\"522a929\" data-element_type=\"widget\" data-e-type=\"widget\" data-settings=\"{&quot;sticky&quot;:&quot;bottom&quot;,&quot;sticky_offset&quot;:80,&quot;_position&quot;:&quot;fixed&quot;,&quot;sticky_on&quot;:[&quot;desktop&quot;,&quot;laptop&quot;,&quot;tablet&quot;,&quot;mobile&quot;],&quot;sticky_effects_offset&quot;:0,&quot;sticky_anchor_link_offset&quot;:0}\" data-widget_type=\"icon.default\">\n\t\t\t\t<div class=\"elementor-widget-container\">\n\t\t\t\t\t\t\t<div class=\"elementor-icon-wrapper\">\n\t\t\t<a class=\"elementor-icon\" href=\"https:\/\/www.ufinet.com\/contactanos\/\">\n\t\t\t<i aria-hidden=\"true\" class=\"icon icon-contact\"><\/i>\t\t\t<\/a>\n\t\t<\/div>\n\t\t\t\t\t\t<\/div>\n\t\t\t\t<\/div>\n\t\t\t\t\t<\/div>\n\t\t\t\t<\/div>\n\t\t\t\t<\/div>\n\t\t","protected":false},"excerpt":{"rendered":"<p>Ufinet El Salvador Rede de El Salvador Escrit\u00f3rios em El Salvador S\u00e3o Salvador Sede da empresa S\u00e3o Salvador Blvd. Santa Elena, Edificio FUSADES, Edificio Anexo, Nivel 2, Local 2, Antiguo Cuscatl\u00e1n, La Libertad Este, El Salvador +503 2273 9552 Sede da empresa S\u00e3o Salvador Blvd. Santa Elena, Edificio FUSADES, Edificio Anexo, Nivel 2, Local 2, [&hellip;]<\/p>\n","protected":false},"author":1,"featured_media":32022,"parent":0,"menu_order":0,"comment_status":"closed","ping_status":"closed","template":"","meta":{"site-sidebar-layout":"no-sidebar","site-content-layout":"page-builder","ast-site-content-layout":"full-width-container","site-content-style":"unboxed","site-sidebar-style":"unboxed","ast-global-header-display":"","ast-banner-title-visibility":"","ast-main-header-display":"","ast-hfb-above-header-display":"","ast-hfb-below-header-display":"","ast-hfb-mobile-header-display":"","site-post-title":"disabled","ast-breadcrumbs-content":"","ast-featured-img":"disabled","footer-sml-layout":"","ast-disable-related-posts":"","theme-transparent-header-meta":"","adv-header-id-meta":"","stick-header-meta":"","header-above-stick-meta":"","header-main-stick-meta":"","header-below-stick-meta":"","astra-migrate-meta-layouts":"default","ast-page-background-enabled":"default","ast-page-background-meta":{"desktop":{"background-color":"","background-image":"","background-repeat":"repeat","background-position":"center center","background-size":"auto","background-attachment":"scroll","background-type":"","background-media":"","overlay-type":"","overlay-color":"","overlay-opacity":"","overlay-gradient":""},"tablet":{"background-color":"","background-image":"","background-repeat":"repeat","background-position":"center center","background-size":"auto","background-attachment":"scroll","background-type":"","background-media":"","overlay-type":"","overlay-color":"","overlay-opacity":"","overlay-gradient":""},"mobile":{"background-color":"","background-image":"","background-repeat":"repeat","background-position":"center center","background-size":"auto","background-attachment":"scroll","background-type":"","background-media":"","overlay-type":"","overlay-color":"","overlay-opacity":"","overlay-gradient":""}},"ast-content-background-meta":{"desktop":{"background-color":"var(--ast-global-color-5)","background-image":"","background-repeat":"repeat","background-position":"center center","background-size":"auto","background-attachment":"scroll","background-type":"","background-media":"","overlay-type":"","overlay-color":"","overlay-opacity":"","overlay-gradient":""},"tablet":{"background-color":"var(--ast-global-color-5)","background-image":"","background-repeat":"repeat","background-position":"center center","background-size":"auto","background-attachment":"scroll","background-type":"","background-media":"","overlay-type":"","overlay-color":"","overlay-opacity":"","overlay-gradient":""},"mobile":{"background-color":"var(--ast-global-color-5)","background-image":"","background-repeat":"repeat","background-position":"center center","background-size":"auto","background-attachment":"scroll","background-type":"","background-media":"","overlay-type":"","overlay-color":"","overlay-opacity":"","overlay-gradient":""}},"footnotes":""},"class_list":["post-32982","page","type-page","status-publish","has-post-thumbnail","hentry"],"yoast_head":"<!-- This site is optimized with the Yoast SEO plugin v27.4 - https:\/\/yoast.com\/product\/yoast-seo-wordpress\/ -->\n<title>Ufinet El Salvador - Ufinet | A rede que conecta voc\u00ea \u00e0 Am\u00e9rica Latina<\/title>\n<meta name=\"robots\" content=\"index, follow, max-snippet:-1, max-image-preview:large, max-video-preview:-1\" \/>\n<link rel=\"canonical\" href=\"https:\/\/www.ufinet.com\/pt-br\/ufinet-el-salvador\/\" \/>\n<meta property=\"og:locale\" content=\"pt_BR\" \/>\n<meta property=\"og:type\" content=\"article\" \/>\n<meta property=\"og:title\" content=\"Ufinet El Salvador - Ufinet | A rede que conecta voc\u00ea \u00e0 Am\u00e9rica Latina\" \/>\n<meta property=\"og:description\" content=\"Ufinet El Salvador Rede de El Salvador Escrit\u00f3rios em El Salvador S\u00e3o Salvador Sede da empresa S\u00e3o Salvador Blvd. Santa Elena, Edificio FUSADES, Edificio Anexo, Nivel 2, Local 2, Antiguo Cuscatl\u00e1n, La Libertad Este, El Salvador +503 2273 9552 Sede da empresa S\u00e3o Salvador Blvd. Santa Elena, Edificio FUSADES, Edificio Anexo, Nivel 2, Local 2, [&hellip;]\" \/>\n<meta property=\"og:url\" content=\"https:\/\/www.ufinet.com\/pt-br\/ufinet-el-salvador\/\" \/>\n<meta property=\"og:site_name\" content=\"Ufinet | A rede que conecta voc\u00ea \u00e0 Am\u00e9rica Latina\" \/>\n<meta property=\"article:modified_time\" content=\"2026-02-06T15:42:31+00:00\" \/>\n<meta property=\"og:image\" content=\"https:\/\/www.ufinet.com\/wp-content\/uploads\/2023\/10\/shutterstock_2035732427.jpg\" \/>\n\t<meta property=\"og:image:width\" content=\"1000\" \/>\n\t<meta property=\"og:image:height\" content=\"667\" \/>\n\t<meta property=\"og:image:type\" content=\"image\/jpeg\" \/>\n<meta name=\"twitter:card\" content=\"summary_large_image\" \/>\n<script type=\"application\/ld+json\" class=\"yoast-schema-graph\">{\"@context\":\"https:\\\/\\\/schema.org\",\"@graph\":[{\"@type\":\"WebPage\",\"@id\":\"https:\\\/\\\/www.ufinet.com\\\/pt-br\\\/ufinet-el-salvador\\\/\",\"url\":\"https:\\\/\\\/www.ufinet.com\\\/pt-br\\\/ufinet-el-salvador\\\/\",\"name\":\"Ufinet El Salvador - Ufinet | A rede que conecta voc\u00ea \u00e0 Am\u00e9rica Latina\",\"isPartOf\":{\"@id\":\"https:\\\/\\\/www.ufinet.com\\\/pt-br\\\/#website\"},\"primaryImageOfPage\":{\"@id\":\"https:\\\/\\\/www.ufinet.com\\\/pt-br\\\/ufinet-el-salvador\\\/#primaryimage\"},\"image\":{\"@id\":\"https:\\\/\\\/www.ufinet.com\\\/pt-br\\\/ufinet-el-salvador\\\/#primaryimage\"},\"thumbnailUrl\":\"https:\\\/\\\/www.ufinet.com\\\/wp-content\\\/uploads\\\/2023\\\/10\\\/shutterstock_2035732427.jpg\",\"datePublished\":\"2023-09-20T08:59:09+00:00\",\"dateModified\":\"2026-02-06T15:42:31+00:00\",\"breadcrumb\":{\"@id\":\"https:\\\/\\\/www.ufinet.com\\\/pt-br\\\/ufinet-el-salvador\\\/#breadcrumb\"},\"inLanguage\":\"pt-BR\",\"potentialAction\":[{\"@type\":\"ReadAction\",\"target\":[\"https:\\\/\\\/www.ufinet.com\\\/pt-br\\\/ufinet-el-salvador\\\/\"]}]},{\"@type\":\"ImageObject\",\"inLanguage\":\"pt-BR\",\"@id\":\"https:\\\/\\\/www.ufinet.com\\\/pt-br\\\/ufinet-el-salvador\\\/#primaryimage\",\"url\":\"https:\\\/\\\/www.ufinet.com\\\/wp-content\\\/uploads\\\/2023\\\/10\\\/shutterstock_2035732427.jpg\",\"contentUrl\":\"https:\\\/\\\/www.ufinet.com\\\/wp-content\\\/uploads\\\/2023\\\/10\\\/shutterstock_2035732427.jpg\",\"width\":1000,\"height\":667},{\"@type\":\"BreadcrumbList\",\"@id\":\"https:\\\/\\\/www.ufinet.com\\\/pt-br\\\/ufinet-el-salvador\\\/#breadcrumb\",\"itemListElement\":[{\"@type\":\"ListItem\",\"position\":1,\"name\":\"Home\",\"item\":\"https:\\\/\\\/www.ufinet.com\\\/pt-br\\\/\"},{\"@type\":\"ListItem\",\"position\":2,\"name\":\"Ufinet El Salvador\"}]},{\"@type\":\"WebSite\",\"@id\":\"https:\\\/\\\/www.ufinet.com\\\/pt-br\\\/#website\",\"url\":\"https:\\\/\\\/www.ufinet.com\\\/pt-br\\\/\",\"name\":\"Ufinet\",\"description\":\"Somos a \u00fanica operadora na Am\u00e9rica Latina que \u00e9 100% NEUTRA.\",\"publisher\":{\"@id\":\"https:\\\/\\\/www.ufinet.com\\\/pt-br\\\/#organization\"},\"potentialAction\":[{\"@type\":\"SearchAction\",\"target\":{\"@type\":\"EntryPoint\",\"urlTemplate\":\"https:\\\/\\\/www.ufinet.com\\\/pt-br\\\/?s={search_term_string}\"},\"query-input\":{\"@type\":\"PropertyValueSpecification\",\"valueRequired\":true,\"valueName\":\"search_term_string\"}}],\"inLanguage\":\"pt-BR\"},{\"@type\":\"Organization\",\"@id\":\"https:\\\/\\\/www.ufinet.com\\\/pt-br\\\/#organization\",\"name\":\"Ufinet\",\"url\":\"https:\\\/\\\/www.ufinet.com\\\/pt-br\\\/\",\"logo\":{\"@type\":\"ImageObject\",\"inLanguage\":\"pt-BR\",\"@id\":\"https:\\\/\\\/www.ufinet.com\\\/pt-br\\\/#\\\/schema\\\/logo\\\/image\\\/\",\"url\":\"https:\\\/\\\/www.ufinet.com\\\/wp-content\\\/uploads\\\/2024\\\/06\\\/cropped-Recurso-1.png\",\"contentUrl\":\"https:\\\/\\\/www.ufinet.com\\\/wp-content\\\/uploads\\\/2024\\\/06\\\/cropped-Recurso-1.png\",\"width\":1654,\"height\":705,\"caption\":\"Ufinet\"},\"image\":{\"@id\":\"https:\\\/\\\/www.ufinet.com\\\/pt-br\\\/#\\\/schema\\\/logo\\\/image\\\/\"}}]}<\/script>\n<!-- \/ Yoast SEO plugin. -->","yoast_head_json":{"title":"Ufinet El Salvador - Ufinet | A rede que conecta voc\u00ea \u00e0 Am\u00e9rica Latina","robots":{"index":"index","follow":"follow","max-snippet":"max-snippet:-1","max-image-preview":"max-image-preview:large","max-video-preview":"max-video-preview:-1"},"canonical":"https:\/\/www.ufinet.com\/pt-br\/ufinet-el-salvador\/","og_locale":"pt_BR","og_type":"article","og_title":"Ufinet El Salvador - Ufinet | A rede que conecta voc\u00ea \u00e0 Am\u00e9rica Latina","og_description":"Ufinet El Salvador Rede de El Salvador Escrit\u00f3rios em El Salvador S\u00e3o Salvador Sede da empresa S\u00e3o Salvador Blvd. Santa Elena, Edificio FUSADES, Edificio Anexo, Nivel 2, Local 2, Antiguo Cuscatl\u00e1n, La Libertad Este, El Salvador +503 2273 9552 Sede da empresa S\u00e3o Salvador Blvd. Santa Elena, Edificio FUSADES, Edificio Anexo, Nivel 2, Local 2, [&hellip;]","og_url":"https:\/\/www.ufinet.com\/pt-br\/ufinet-el-salvador\/","og_site_name":"Ufinet | A rede que conecta voc\u00ea \u00e0 Am\u00e9rica Latina","article_modified_time":"2026-02-06T15:42:31+00:00","og_image":[{"width":1000,"height":667,"url":"https:\/\/www.ufinet.com\/wp-content\/uploads\/2023\/10\/shutterstock_2035732427.jpg","type":"image\/jpeg"}],"twitter_card":"summary_large_image","schema":{"@context":"https:\/\/schema.org","@graph":[{"@type":"WebPage","@id":"https:\/\/www.ufinet.com\/pt-br\/ufinet-el-salvador\/","url":"https:\/\/www.ufinet.com\/pt-br\/ufinet-el-salvador\/","name":"Ufinet El Salvador - Ufinet | A rede que conecta voc\u00ea \u00e0 Am\u00e9rica Latina","isPartOf":{"@id":"https:\/\/www.ufinet.com\/pt-br\/#website"},"primaryImageOfPage":{"@id":"https:\/\/www.ufinet.com\/pt-br\/ufinet-el-salvador\/#primaryimage"},"image":{"@id":"https:\/\/www.ufinet.com\/pt-br\/ufinet-el-salvador\/#primaryimage"},"thumbnailUrl":"https:\/\/www.ufinet.com\/wp-content\/uploads\/2023\/10\/shutterstock_2035732427.jpg","datePublished":"2023-09-20T08:59:09+00:00","dateModified":"2026-02-06T15:42:31+00:00","breadcrumb":{"@id":"https:\/\/www.ufinet.com\/pt-br\/ufinet-el-salvador\/#breadcrumb"},"inLanguage":"pt-BR","potentialAction":[{"@type":"ReadAction","target":["https:\/\/www.ufinet.com\/pt-br\/ufinet-el-salvador\/"]}]},{"@type":"ImageObject","inLanguage":"pt-BR","@id":"https:\/\/www.ufinet.com\/pt-br\/ufinet-el-salvador\/#primaryimage","url":"https:\/\/www.ufinet.com\/wp-content\/uploads\/2023\/10\/shutterstock_2035732427.jpg","contentUrl":"https:\/\/www.ufinet.com\/wp-content\/uploads\/2023\/10\/shutterstock_2035732427.jpg","width":1000,"height":667},{"@type":"BreadcrumbList","@id":"https:\/\/www.ufinet.com\/pt-br\/ufinet-el-salvador\/#breadcrumb","itemListElement":[{"@type":"ListItem","position":1,"name":"Home","item":"https:\/\/www.ufinet.com\/pt-br\/"},{"@type":"ListItem","position":2,"name":"Ufinet El Salvador"}]},{"@type":"WebSite","@id":"https:\/\/www.ufinet.com\/pt-br\/#website","url":"https:\/\/www.ufinet.com\/pt-br\/","name":"Ufinet","description":"Somos a \u00fanica operadora na Am\u00e9rica Latina que \u00e9 100% NEUTRA.","publisher":{"@id":"https:\/\/www.ufinet.com\/pt-br\/#organization"},"potentialAction":[{"@type":"SearchAction","target":{"@type":"EntryPoint","urlTemplate":"https:\/\/www.ufinet.com\/pt-br\/?s={search_term_string}"},"query-input":{"@type":"PropertyValueSpecification","valueRequired":true,"valueName":"search_term_string"}}],"inLanguage":"pt-BR"},{"@type":"Organization","@id":"https:\/\/www.ufinet.com\/pt-br\/#organization","name":"Ufinet","url":"https:\/\/www.ufinet.com\/pt-br\/","logo":{"@type":"ImageObject","inLanguage":"pt-BR","@id":"https:\/\/www.ufinet.com\/pt-br\/#\/schema\/logo\/image\/","url":"https:\/\/www.ufinet.com\/wp-content\/uploads\/2024\/06\/cropped-Recurso-1.png","contentUrl":"https:\/\/www.ufinet.com\/wp-content\/uploads\/2024\/06\/cropped-Recurso-1.png","width":1654,"height":705,"caption":"Ufinet"},"image":{"@id":"https:\/\/www.ufinet.com\/pt-br\/#\/schema\/logo\/image\/"}}]}},"rttpg_featured_image_url":{"full":["https:\/\/www.ufinet.com\/wp-content\/uploads\/2023\/10\/shutterstock_2035732427.jpg",1000,667,false],"landscape":["https:\/\/www.ufinet.com\/wp-content\/uploads\/2023\/10\/shutterstock_2035732427.jpg",1000,667,false],"portraits":["https:\/\/www.ufinet.com\/wp-content\/uploads\/2023\/10\/shutterstock_2035732427.jpg",1000,667,false],"thumbnail":["https:\/\/www.ufinet.com\/wp-content\/uploads\/2023\/10\/shutterstock_2035732427-150x150.jpg",150,150,true],"medium":["https:\/\/www.ufinet.com\/wp-content\/uploads\/2023\/10\/shutterstock_2035732427-300x200.jpg",300,200,true],"large":["https:\/\/www.ufinet.com\/wp-content\/uploads\/2023\/10\/shutterstock_2035732427.jpg",1000,667,false],"1536x1536":["https:\/\/www.ufinet.com\/wp-content\/uploads\/2023\/10\/shutterstock_2035732427.jpg",1000,667,false],"2048x2048":["https:\/\/www.ufinet.com\/wp-content\/uploads\/2023\/10\/shutterstock_2035732427.jpg",1000,667,false],"htliser_size_396x360":["https:\/\/www.ufinet.com\/wp-content\/uploads\/2023\/10\/shutterstock_2035732427.jpg",396,264,false],"htslider_size_1170x536":["https:\/\/www.ufinet.com\/wp-content\/uploads\/2023\/10\/shutterstock_2035732427.jpg",804,536,false]},"rttpg_author":{"display_name":"wowlatammk.com","author_link":"https:\/\/www.ufinet.com\/pt-br\/author\/wowlatammk-com\/"},"rttpg_comment":0,"rttpg_category":" <a href=\"https:\/\/www.ufinet.com\/pt-br\/?taxonomy=translation_priority&#038;term=opcional-pt-br-3\" rel=\"tag\">Opcional<\/a>","rttpg_excerpt":"Ufinet El Salvador Rede de El Salvador Escrit\u00f3rios em El Salvador S\u00e3o Salvador Sede da empresa S\u00e3o Salvador Blvd. Santa Elena, Edificio FUSADES, Edificio Anexo, Nivel 2, Local 2, Antiguo Cuscatl\u00e1n, La Libertad Este, El Salvador +503 2273 9552 Sede da empresa S\u00e3o Salvador Blvd. Santa Elena, Edificio FUSADES, Edificio Anexo, Nivel 2, Local 2,&hellip;","_links":{"self":[{"href":"https:\/\/www.ufinet.com\/pt-br\/wp-json\/wp\/v2\/pages\/32982","targetHints":{"allow":["GET"]}}],"collection":[{"href":"https:\/\/www.ufinet.com\/pt-br\/wp-json\/wp\/v2\/pages"}],"about":[{"href":"https:\/\/www.ufinet.com\/pt-br\/wp-json\/wp\/v2\/types\/page"}],"author":[{"embeddable":true,"href":"https:\/\/www.ufinet.com\/pt-br\/wp-json\/wp\/v2\/users\/1"}],"replies":[{"embeddable":true,"href":"https:\/\/www.ufinet.com\/pt-br\/wp-json\/wp\/v2\/comments?post=32982"}],"version-history":[{"count":2,"href":"https:\/\/www.ufinet.com\/pt-br\/wp-json\/wp\/v2\/pages\/32982\/revisions"}],"predecessor-version":[{"id":40252,"href":"https:\/\/www.ufinet.com\/pt-br\/wp-json\/wp\/v2\/pages\/32982\/revisions\/40252"}],"wp:featuredmedia":[{"embeddable":true,"href":"https:\/\/www.ufinet.com\/pt-br\/wp-json\/wp\/v2\/media\/32022"}],"wp:attachment":[{"href":"https:\/\/www.ufinet.com\/pt-br\/wp-json\/wp\/v2\/media?parent=32982"}],"curies":[{"name":"wp","href":"https:\/\/api.w.org\/{rel}","templated":true}]}}