{"id":32910,"date":"2024-03-21T10:13:58","date_gmt":"2024-03-21T16:13:58","guid":{"rendered":"https:\/\/www.ufinet.com\/politica-de-cookies\/"},"modified":"2024-07-02T21:00:38","modified_gmt":"2024-07-03T03:00:38","slug":"politica-de-cookies","status":"publish","type":"page","link":"https:\/\/www.ufinet.com\/pt-br\/politica-de-cookies\/","title":{"rendered":"Pol\u00edtica de cookies"},"content":{"rendered":"\t\t<div data-elementor-type=\"wp-page\" data-elementor-id=\"32910\" class=\"elementor elementor-32910 elementor-8577\" data-elementor-post-type=\"page\">\n\t\t\t\t<div class=\"elementor-element elementor-element-67b744de e-flex e-con-boxed e-con e-parent\" data-id=\"67b744de\" data-element_type=\"container\" data-e-type=\"container\" data-settings=\"{&quot;background_background&quot;:&quot;classic&quot;}\">\n\t\t\t\t\t<div class=\"e-con-inner\">\n\t\t<div class=\"elementor-element elementor-element-2f70c2bb e-flex e-con-boxed e-con e-child\" data-id=\"2f70c2bb\" data-element_type=\"container\" data-e-type=\"container\">\n\t\t\t\t\t<div class=\"e-con-inner\">\n\t\t\t\t<div class=\"elementor-element elementor-element-31751a04 animated-slow elementor-widget elementor-widget-heading\" data-id=\"31751a04\" data-element_type=\"widget\" data-e-type=\"widget\" data-settings=\"{&quot;_animation&quot;:&quot;none&quot;,&quot;_animation_delay&quot;:200}\" data-widget_type=\"heading.default\">\n\t\t\t\t<div class=\"elementor-widget-container\">\n\t\t\t\t\t<h2 class=\"elementor-heading-title elementor-size-default\">Pol\u00edtica de cookies<\/h2>\t\t\t\t<\/div>\n\t\t\t\t<\/div>\n\t\t\t\t\t<\/div>\n\t\t\t\t<\/div>\n\t\t\t\t\t<\/div>\n\t\t\t\t<\/div>\n\t\t<div class=\"elementor-element elementor-element-733f83c3 e-flex e-con-boxed e-con e-parent\" data-id=\"733f83c3\" data-element_type=\"container\" data-e-type=\"container\">\n\t\t\t\t\t<div class=\"e-con-inner\">\n\t\t<div class=\"elementor-element elementor-element-3241f73 e-flex e-con-boxed e-con e-child\" data-id=\"3241f73\" data-element_type=\"container\" data-e-type=\"container\" data-settings=\"{&quot;background_background&quot;:&quot;classic&quot;}\">\n\t\t\t\t\t<div class=\"e-con-inner\">\n\t\t\t\t<div class=\"elementor-element elementor-element-42fcf86 elementor-widget elementor-widget-text-editor\" data-id=\"42fcf86\" data-element_type=\"widget\" data-e-type=\"widget\" data-widget_type=\"text-editor.default\">\n\t\t\t\t<div class=\"elementor-widget-container\">\n\t\t\t\t\t\t\t\t\t<p><span style=\"font-weight: 400;\">De acordo com as disposi\u00e7\u00f5es da Lei 34\/2002 da Sociedade da Informa\u00e7\u00e3o e da Lei de Servi\u00e7os Eletr\u00f4nicos de 11 de julho de 2002 (a &#8220;Lei da Sociedade da Informa\u00e7\u00e3o&#8221;), o Usu\u00e1rio do Portal \u00e9 informado do seguinte:<\/span><\/p>\n<p><b>13.1 O que s\u00e3o armazenamento local de dados, cookies e tecnologias semelhantes?<\/b><\/p>\n<p><span style=\"font-weight: 400;\">O armazenamento local de dados consiste em salvar diferentes tipos de dados no seu dispositivo por meio do navegador da Web. Os dados armazenados localmente podem estar relacionados \u00e0 forma como voc\u00ea navega em nosso Portal, ao navegador que voc\u00ea usa, \u00e0s suas configura\u00e7\u00f5es de usu\u00e1rio etc.  <\/span><\/p>\n<p><span style=\"font-weight: 400;\">Cookies s\u00e3o um m\u00e9todo local de armazenamento de dados representados em pequenos arquivos de texto que s\u00e3o enviados e armazenados em seu computador, telefone celular, tablet ou outro dispositivo de acesso on-line do Usu\u00e1rio, permitindo-nos reconhecer seu navegador da Web. Eles tamb\u00e9m servem para obter informa\u00e7\u00f5es sobre a sua navega\u00e7\u00e3o e podem ser usados para reconhecer os Usu\u00e1rios. Todos eles t\u00eam a mesma fun\u00e7\u00e3o, fornecendo informa\u00e7\u00f5es sobre a navega\u00e7\u00e3o do usu\u00e1rio e podem ser usados para determinar quais an\u00fancios devem ser exibidos no seu navegador da Web.<\/span><\/p>\n<p><span style=\"font-weight: 400;\">Nesta pol\u00edtica, vamos nos referir a todas essas t\u00e9cnicas coletivamente como <\/span><i><br \/>\n  <span style=\"font-weight: 400;\">&#8220;armazenamento local de dados&#8221;.<\/span><br \/>\n<\/i><span style=\"font-weight: 400;\">.<\/span><\/p>\n<p><b>13.2 Por que usamos o armazenamento local de dados?<\/b><\/p>\n<p><span style=\"font-weight: 400;\">O Portal usa o armazenamento local de dados, como no caso dos cookies, para<\/span><span style=\"font-weight: 400;\"> as<\/span><span style=\"font-weight: 400;\"> seguintes finalidades:<\/span><\/p>\n<ul>\n<li style=\"font-weight: 400;\" aria-level=\"1\"><b>Para personalizar sua navega\u00e7\u00e3o:<\/b><span style=\"font-weight: 400;\"> Lembre-se do pa\u00eds de onde voc\u00ea est\u00e1 se conectando, do seu idioma e da velocidade da sua conex\u00e3o com a Internet.<\/span><\/li>\n<\/ul>\n<ul>\n<li style=\"font-weight: 400;\" aria-level=\"1\"><b>Para melhorar nossos servi\u00e7os e a experi\u00eancia do usu\u00e1rio: <\/b><span style=\"font-weight: 400;\">Para saber com que frequ\u00eancia o Portal foi visitado, o tr\u00e1fego em suas p\u00e1ginas, etc.<\/span><\/li>\n<\/ul>\n<ul>\n<li style=\"font-weight: 400;\" aria-level=\"1\"><b>Para exibir publicidade: <\/b><span style=\"font-weight: 400;\">Saber<\/span> <span style=\"font-weight: 400;\">a frequ\u00eancia com que um usu\u00e1rio viu um an\u00fancio, por exemplo. Esses dados n\u00e3o s\u00e3o diretamente identific\u00e1veis.<\/span><\/li>\n<\/ul>\n<p><b>13.3 Que tipos de cookies usamos?<\/b><\/p>\n<p><span style=\"font-weight: 400;\">Os cookies no Portal mudam com frequ\u00eancia. Portanto, a Pol\u00edtica ser\u00e1 atualizada para manter voc\u00ea informado. Atualmente, usamos cookies de sess\u00e3o e cookies persistentes, que, por sua vez, podem ser cookies pr\u00f3prios ou de terceiros.<\/span><\/p>\n<ul>\n<li style=\"font-weight: 400;\" aria-level=\"1\"><b>Cookies de sess\u00e3o<\/b><span style=\"font-weight: 400;\">  s\u00e3o projetados para coletar e armazenar dados enquanto os Usu\u00e1rios acessam o Portal. Em geral, eles s\u00e3o usados para armazenar informa\u00e7\u00f5es que s\u00e3o de interesse para reter, a fim de fornecer o servi\u00e7o solicitado pelo usu\u00e1rio em uma \u00fanica sess\u00e3o.<\/span><\/li>\n<\/ul>\n<ul>\n<li style=\"font-weight: 400;\" aria-level=\"1\"><b>Cookies persistentes <\/b><span style=\"font-weight: 400;\">s\u00e3o um tipo de cookie em que os dados permanecem armazenados no terminal e podem ser acessados e processados por um per\u00edodo definido pelo pr\u00f3prio manipulador de cookies, que pode variar de alguns minutos a v\u00e1rios anos.<\/span><\/li>\n<\/ul>\n<ul>\n<li style=\"font-weight: 400;\" aria-level=\"1\"><b>Cookies prim\u00e1rios<\/b><span style=\"font-weight: 400;\">  s\u00e3o aqueles enviados ao terminal do usu\u00e1rio, criados ou gerenciados pelo controlador do portal. O Portal usa cookies prim\u00e1rios persistentes do seguinte tipo e para as seguintes finalidades:<\/span><\/li>\n<\/ul>\n<ul>\n<li style=\"font-weight: 400;\" aria-level=\"2\"><b>Cookies de personaliza\u00e7\u00e3o<\/b><span style=\"font-weight: 400;\">  permitir que os Usu\u00e1rios acessem o servi\u00e7o com determinadas caracter\u00edsticas gerais predefinidas em seu terminal ou outras que os pr\u00f3prios Usu\u00e1rios possam definir. Nesse caso, a finalidade \u00e9 permitir e armazenar o idioma de navega\u00e7\u00e3o do usu\u00e1rio.<\/span><\/li>\n<\/ul>\n<ul>\n<li style=\"font-weight: 400;\" aria-level=\"2\"><b>Cookies de terceiros<\/b><span style=\"font-weight: 400;\"> s\u00e3o aqueles gerenciados por provedores de servi\u00e7os anal\u00edticos que n\u00e3o a Ufinet.<\/span><\/li>\n<\/ul>\n<p><span style=\"font-weight: 400;\">Algumas das tecnologias que usamos:<\/span><\/p>\n<ul>\n<li style=\"font-weight: 400;\" aria-level=\"1\"><span style=\"font-weight: 400;\">Doubleclick (cookies de publicidade): gerenciam os espa\u00e7os publicit\u00e1rios que os Usu\u00e1rios veem quando acessam o Portal. Esses cookies, que podem variar de campanha para campanha, s\u00e3o usados para medir a efic\u00e1cia das campanhas on-line.  <\/span><\/li>\n<\/ul>\n<ul>\n<li style=\"font-weight: 400;\" aria-level=\"1\"><span style=\"font-weight: 400;\">Google Analytics (cookies anal\u00edticos): s\u00e3o usados para monitorar e analisar o comportamento dos Usu\u00e1rios no Portal. As informa\u00e7\u00f5es coletadas s\u00e3o usadas para medir a atividade no Portal e para gerar perfis de navega\u00e7\u00e3o do Usu\u00e1rio, a fim de aprimorar o servi\u00e7o.<\/span><\/li>\n<\/ul>\n<ul>\n<li style=\"font-weight: 400;\" aria-level=\"1\"><span style=\"font-weight: 400;\">Quartalflife (cookies sociais t\u00e9cnicos): s\u00e3o usados para monitoramento e an\u00e1lise de redes sociais externas. Sua fun\u00e7\u00e3o \u00e9 monitorar a intera\u00e7\u00e3o do usu\u00e1rio.<\/span><\/li>\n<\/ul>\n<p><b>13.4 Como posso gerenciar o armazenamento local de dados?<\/b><\/p>\n<p><span style=\"font-weight: 400;\">Recomendamos que voc\u00ea consulte a se\u00e7\u00e3o de Ajuda do seu navegador para obter informa\u00e7\u00f5es sobre as diferentes op\u00e7\u00f5es de gerenciamento de cookies. H\u00e1 tamb\u00e9m programas especiais que foram criados especificamente para gerenciar cookies.<\/span><\/p>\n<p><span style=\"font-weight: 400;\">Abaixo voc\u00ea encontrar\u00e1 links para gerenciar cookies nos navegadores mais importantes. Observe que as explica\u00e7\u00f5es fornecidas pelos links podem estar desatualizadas:<\/span><\/p>\n<p><span style=\"font-weight: 400;\">Internet Explorer:<\/span><\/p>\n<p><a href=\"https:\/\/windows.microsoft.com\/es-ES\/windows-vista\/Block-or-allow-cookies\"><span style=\"font-weight: 400;\">https:\/\/windows.microsoft.com\/es-ES\/windows-vista\/Block-or-allow-cookies<\/span><\/a><\/p>\n<p><span style=\"font-weight: 400;\">Google Chrome<\/span><\/p>\n<p><a href=\"https:\/\/support.google.com\/accounts\/answer\/61416?co=GENIE.Platform%25253DDesktop&amp;hl=es\"><span style=\"font-weight: 400;\">https:\/\/support.google.com\/accounts\/answer\/61416?co=GENIE.Platform%3DDesktop&amp;hl=es<\/span><\/a><span style=\"font-weight: 400;\"> <\/span><\/p>\n<p><span style=\"font-weight: 400;\">Firefox:<\/span><\/p>\n<p><a href=\"https:\/\/support.mozilla.org\/es\/kb\/habilitar-y-deshabilitar-cookies-que-los-sitios-we\"><span style=\"font-weight: 400;\">https:\/\/support.mozilla.org\/es\/kb\/habilitar-y-deshabilitar-cookies-que-los-sitios-we<\/span><\/a><\/p>\n<p><span style=\"font-weight: 400;\">Saf\u00e1ri:<\/span><\/p>\n<p><a href=\"https:\/\/www.apple.com\/legal\/privacy\/es\/cookies\/\"><span style=\"font-weight: 400;\">https:\/\/www.apple.com\/legal\/privacy\/es\/cookies\/<\/span><\/a><\/p>\n<p><span style=\"font-weight: 400;\">\u00d3pera:<\/span><\/p>\n<p><a href=\"https:\/\/help.opera.com\/Windows\/11.50\/es-ES\/cookies.html\"><span style=\"font-weight: 400;\">https:\/\/help.opera.com\/Windows\/11.50\/es-ES\/cookies.html<\/span><\/a><\/p>\n<p><span style=\"font-weight: 400;\">Os usu\u00e1rios devem ter em mente que alguns cookies s\u00e3o necess\u00e1rios para que determinadas funcionalidades do Portal funcionem corretamente. Se voc\u00ea optar por bloquear determinados cookies, isso poder\u00e1 afetar toda ou parte da opera\u00e7\u00e3o normal do Portal.<\/span><\/p>\n<p><b>13.5 Como posso revogar meu consentimento para o uso de cookies?<\/b><\/p>\n<p><span style=\"font-weight: 400;\">Os usu\u00e1rios podem revogar seu consentimento para o uso de cookies em seu navegador instalando um sistema de rejei\u00e7\u00e3o de desativa\u00e7\u00e3o:<\/span><\/p>\n<p><span style=\"font-weight: 400;\">Google Analytics:<\/span><\/p>\n<p><a href=\"https:\/\/tools.google.com\/dlpage\/gaoptout?hl=None\"><span style=\"font-weight: 400;\">https:\/\/tools.google.com\/dlpage\/gaoptout?hl=None<\/span><\/a><\/p>\n<p><span style=\"font-weight: 400;\">Google Doubleclick<\/span><\/p>\n<p><a href=\"https:\/\/www.google.com\/settings\/ads\"><span style=\"font-weight: 400;\">https:\/\/www.google.com\/settings\/ads<\/span><\/a><\/p>\n<p><span style=\"font-weight: 400;\">Observe que voc\u00ea deve seguir o mesmo procedimento em todos os dispositivos que usa e tamb\u00e9m para cada navegador da Web.<\/span><\/p>\n<p><b>13.6.Upgrades<\/b><\/p>\n<p><span style=\"font-weight: 400;\">Esta Pol\u00edtica pode ser alterada de acordo com novos requisitos legislativos ou regulamentares, ou para adapt\u00e1-la a quaisquer instru\u00e7\u00f5es emitidas pelas autoridades competentes.<\/span><\/p>\n<p><span style=\"font-weight: 400;\">Quando ocorrerem altera\u00e7\u00f5es significativas a esta Pol\u00edtica, os titulares de dados pessoais ser\u00e3o informados por meio de um aviso informativo no Portal e de acordo com os requisitos impostos pelas leis ou regulamentos aplic\u00e1veis.<\/span><\/p>\n<p><b>13.7.Contato<\/b><\/p>\n<p><span style=\"font-weight: 400;\">Entre em contato conosco se voc\u00ea quiser obter mais informa\u00e7\u00f5es sobre o uso de cookies (<\/span><a href=\"mailto:protecciondedatos@ufinet.com\"><br \/>\n  <span style=\"font-weight: 400;\">protecciondedatos@ufinet.com<\/span><br \/>\n<\/a><span style=\"font-weight: 400;\">).<\/span><\/p>\n\t\t\t\t\t\t\t\t<\/div>\n\t\t\t\t<\/div>\n\t\t\t\t<div class=\"elementor-element elementor-element-398bcaa elementor-view-stacked elementor-fixed elementor-hidden-tablet elementor-shape-circle elementor-widget elementor-widget-global elementor-global-33402 elementor-global-8568 elementor-widget-icon\" data-id=\"398bcaa\" data-element_type=\"widget\" data-e-type=\"widget\" data-settings=\"{&quot;sticky&quot;:&quot;bottom&quot;,&quot;sticky_offset&quot;:80,&quot;_position&quot;:&quot;fixed&quot;,&quot;sticky_on&quot;:[&quot;desktop&quot;,&quot;laptop&quot;,&quot;tablet&quot;,&quot;mobile&quot;],&quot;sticky_effects_offset&quot;:0,&quot;sticky_anchor_link_offset&quot;:0}\" data-widget_type=\"icon.default\">\n\t\t\t\t<div class=\"elementor-widget-container\">\n\t\t\t\t\t\t\t<div class=\"elementor-icon-wrapper\">\n\t\t\t<a class=\"elementor-icon\" href=\"https:\/\/www.ufinet.com\/contactanos\/\">\n\t\t\t<i aria-hidden=\"true\" class=\"icon icon-contact\"><\/i>\t\t\t<\/a>\n\t\t<\/div>\n\t\t\t\t\t\t<\/div>\n\t\t\t\t<\/div>\n\t\t\t\t\t<\/div>\n\t\t\t\t<\/div>\n\t\t\t\t\t<\/div>\n\t\t\t\t<\/div>\n\t\t\t\t<\/div>\n\t\t","protected":false},"excerpt":{"rendered":"<p>Pol\u00edtica de cookies De acordo com as disposi\u00e7\u00f5es da Lei 34\/2002 da Sociedade da Informa\u00e7\u00e3o e da Lei de Servi\u00e7os Eletr\u00f4nicos de 11 de julho de 2002 (a &#8220;Lei da Sociedade da Informa\u00e7\u00e3o&#8221;), o Usu\u00e1rio do Portal \u00e9 informado do seguinte: 13.1 O que s\u00e3o armazenamento local de dados, cookies e tecnologias semelhantes? O armazenamento [&hellip;]<\/p>\n","protected":false},"author":1,"featured_media":0,"parent":0,"menu_order":0,"comment_status":"closed","ping_status":"closed","template":"","meta":{"site-sidebar-layout":"no-sidebar","site-content-layout":"page-builder","ast-site-content-layout":"default","site-content-style":"default","site-sidebar-style":"default","ast-global-header-display":"","ast-banner-title-visibility":"","ast-main-header-display":"","ast-hfb-above-header-display":"","ast-hfb-below-header-display":"","ast-hfb-mobile-header-display":"","site-post-title":"disabled","ast-breadcrumbs-content":"","ast-featured-img":"disabled","footer-sml-layout":"","ast-disable-related-posts":"","theme-transparent-header-meta":"","adv-header-id-meta":"","stick-header-meta":"","header-above-stick-meta":"","header-main-stick-meta":"","header-below-stick-meta":"","astra-migrate-meta-layouts":"default","ast-page-background-enabled":"default","ast-page-background-meta":{"desktop":{"background-color":"","background-image":"","background-repeat":"repeat","background-position":"center center","background-size":"auto","background-attachment":"scroll","background-type":"","background-media":"","overlay-type":"","overlay-color":"","overlay-opacity":"","overlay-gradient":""},"tablet":{"background-color":"","background-image":"","background-repeat":"repeat","background-position":"center center","background-size":"auto","background-attachment":"scroll","background-type":"","background-media":"","overlay-type":"","overlay-color":"","overlay-opacity":"","overlay-gradient":""},"mobile":{"background-color":"","background-image":"","background-repeat":"repeat","background-position":"center center","background-size":"auto","background-attachment":"scroll","background-type":"","background-media":"","overlay-type":"","overlay-color":"","overlay-opacity":"","overlay-gradient":""}},"ast-content-background-meta":{"desktop":{"background-color":"var(--ast-global-color-5)","background-image":"","background-repeat":"repeat","background-position":"center center","background-size":"auto","background-attachment":"scroll","background-type":"","background-media":"","overlay-type":"","overlay-color":"","overlay-opacity":"","overlay-gradient":""},"tablet":{"background-color":"var(--ast-global-color-5)","background-image":"","background-repeat":"repeat","background-position":"center center","background-size":"auto","background-attachment":"scroll","background-type":"","background-media":"","overlay-type":"","overlay-color":"","overlay-opacity":"","overlay-gradient":""},"mobile":{"background-color":"var(--ast-global-color-5)","background-image":"","background-repeat":"repeat","background-position":"center center","background-size":"auto","background-attachment":"scroll","background-type":"","background-media":"","overlay-type":"","overlay-color":"","overlay-opacity":"","overlay-gradient":""}},"footnotes":""},"class_list":["post-32910","page","type-page","status-publish","hentry"],"yoast_head":"<!-- This site is optimized with the Yoast SEO plugin v27.4 - https:\/\/yoast.com\/product\/yoast-seo-wordpress\/ -->\n<title>Pol\u00edtica de cookies - Ufinet | A rede que conecta voc\u00ea \u00e0 Am\u00e9rica Latina<\/title>\n<meta name=\"robots\" content=\"index, follow, max-snippet:-1, max-image-preview:large, max-video-preview:-1\" \/>\n<link rel=\"canonical\" href=\"https:\/\/www.ufinet.com\/pt-br\/politica-de-cookies\/\" \/>\n<meta property=\"og:locale\" content=\"pt_BR\" \/>\n<meta property=\"og:type\" content=\"article\" \/>\n<meta property=\"og:title\" content=\"Pol\u00edtica de cookies - Ufinet | A rede que conecta voc\u00ea \u00e0 Am\u00e9rica Latina\" \/>\n<meta property=\"og:description\" content=\"Pol\u00edtica de cookies De acordo com as disposi\u00e7\u00f5es da Lei 34\/2002 da Sociedade da Informa\u00e7\u00e3o e da Lei de Servi\u00e7os Eletr\u00f4nicos de 11 de julho de 2002 (a &#8220;Lei da Sociedade da Informa\u00e7\u00e3o&#8221;), o Usu\u00e1rio do Portal \u00e9 informado do seguinte: 13.1 O que s\u00e3o armazenamento local de dados, cookies e tecnologias semelhantes? O armazenamento [&hellip;]\" \/>\n<meta property=\"og:url\" content=\"https:\/\/www.ufinet.com\/pt-br\/politica-de-cookies\/\" \/>\n<meta property=\"og:site_name\" content=\"Ufinet | A rede que conecta voc\u00ea \u00e0 Am\u00e9rica Latina\" \/>\n<meta property=\"article:modified_time\" content=\"2024-07-03T03:00:38+00:00\" \/>\n<meta name=\"twitter:card\" content=\"summary_large_image\" \/>\n<meta name=\"twitter:label1\" content=\"Est. tempo de leitura\" \/>\n\t<meta name=\"twitter:data1\" content=\"5 minutos\" \/>\n<script type=\"application\/ld+json\" class=\"yoast-schema-graph\">{\"@context\":\"https:\\\/\\\/schema.org\",\"@graph\":[{\"@type\":\"WebPage\",\"@id\":\"https:\\\/\\\/www.ufinet.com\\\/pt-br\\\/politica-de-cookies\\\/\",\"url\":\"https:\\\/\\\/www.ufinet.com\\\/pt-br\\\/politica-de-cookies\\\/\",\"name\":\"Pol\u00edtica de cookies - Ufinet | A rede que conecta voc\u00ea \u00e0 Am\u00e9rica Latina\",\"isPartOf\":{\"@id\":\"https:\\\/\\\/www.ufinet.com\\\/pt-br\\\/#website\"},\"datePublished\":\"2024-03-21T16:13:58+00:00\",\"dateModified\":\"2024-07-03T03:00:38+00:00\",\"breadcrumb\":{\"@id\":\"https:\\\/\\\/www.ufinet.com\\\/pt-br\\\/politica-de-cookies\\\/#breadcrumb\"},\"inLanguage\":\"pt-BR\",\"potentialAction\":[{\"@type\":\"ReadAction\",\"target\":[\"https:\\\/\\\/www.ufinet.com\\\/pt-br\\\/politica-de-cookies\\\/\"]}]},{\"@type\":\"BreadcrumbList\",\"@id\":\"https:\\\/\\\/www.ufinet.com\\\/pt-br\\\/politica-de-cookies\\\/#breadcrumb\",\"itemListElement\":[{\"@type\":\"ListItem\",\"position\":1,\"name\":\"Home\",\"item\":\"https:\\\/\\\/www.ufinet.com\\\/pt-br\\\/\"},{\"@type\":\"ListItem\",\"position\":2,\"name\":\"Pol\u00edtica de cookies\"}]},{\"@type\":\"WebSite\",\"@id\":\"https:\\\/\\\/www.ufinet.com\\\/pt-br\\\/#website\",\"url\":\"https:\\\/\\\/www.ufinet.com\\\/pt-br\\\/\",\"name\":\"Ufinet\",\"description\":\"Somos a \u00fanica operadora na Am\u00e9rica Latina que \u00e9 100% NEUTRA.\",\"publisher\":{\"@id\":\"https:\\\/\\\/www.ufinet.com\\\/pt-br\\\/#organization\"},\"potentialAction\":[{\"@type\":\"SearchAction\",\"target\":{\"@type\":\"EntryPoint\",\"urlTemplate\":\"https:\\\/\\\/www.ufinet.com\\\/pt-br\\\/?s={search_term_string}\"},\"query-input\":{\"@type\":\"PropertyValueSpecification\",\"valueRequired\":true,\"valueName\":\"search_term_string\"}}],\"inLanguage\":\"pt-BR\"},{\"@type\":\"Organization\",\"@id\":\"https:\\\/\\\/www.ufinet.com\\\/pt-br\\\/#organization\",\"name\":\"Ufinet\",\"url\":\"https:\\\/\\\/www.ufinet.com\\\/pt-br\\\/\",\"logo\":{\"@type\":\"ImageObject\",\"inLanguage\":\"pt-BR\",\"@id\":\"https:\\\/\\\/www.ufinet.com\\\/pt-br\\\/#\\\/schema\\\/logo\\\/image\\\/\",\"url\":\"https:\\\/\\\/www.ufinet.com\\\/wp-content\\\/uploads\\\/2024\\\/06\\\/cropped-Recurso-1.png\",\"contentUrl\":\"https:\\\/\\\/www.ufinet.com\\\/wp-content\\\/uploads\\\/2024\\\/06\\\/cropped-Recurso-1.png\",\"width\":1654,\"height\":705,\"caption\":\"Ufinet\"},\"image\":{\"@id\":\"https:\\\/\\\/www.ufinet.com\\\/pt-br\\\/#\\\/schema\\\/logo\\\/image\\\/\"}}]}<\/script>\n<!-- \/ Yoast SEO plugin. -->","yoast_head_json":{"title":"Pol\u00edtica de cookies - Ufinet | A rede que conecta voc\u00ea \u00e0 Am\u00e9rica Latina","robots":{"index":"index","follow":"follow","max-snippet":"max-snippet:-1","max-image-preview":"max-image-preview:large","max-video-preview":"max-video-preview:-1"},"canonical":"https:\/\/www.ufinet.com\/pt-br\/politica-de-cookies\/","og_locale":"pt_BR","og_type":"article","og_title":"Pol\u00edtica de cookies - Ufinet | A rede que conecta voc\u00ea \u00e0 Am\u00e9rica Latina","og_description":"Pol\u00edtica de cookies De acordo com as disposi\u00e7\u00f5es da Lei 34\/2002 da Sociedade da Informa\u00e7\u00e3o e da Lei de Servi\u00e7os Eletr\u00f4nicos de 11 de julho de 2002 (a &#8220;Lei da Sociedade da Informa\u00e7\u00e3o&#8221;), o Usu\u00e1rio do Portal \u00e9 informado do seguinte: 13.1 O que s\u00e3o armazenamento local de dados, cookies e tecnologias semelhantes? O armazenamento [&hellip;]","og_url":"https:\/\/www.ufinet.com\/pt-br\/politica-de-cookies\/","og_site_name":"Ufinet | A rede que conecta voc\u00ea \u00e0 Am\u00e9rica Latina","article_modified_time":"2024-07-03T03:00:38+00:00","twitter_card":"summary_large_image","twitter_misc":{"Est. tempo de leitura":"5 minutos"},"schema":{"@context":"https:\/\/schema.org","@graph":[{"@type":"WebPage","@id":"https:\/\/www.ufinet.com\/pt-br\/politica-de-cookies\/","url":"https:\/\/www.ufinet.com\/pt-br\/politica-de-cookies\/","name":"Pol\u00edtica de cookies - Ufinet | A rede que conecta voc\u00ea \u00e0 Am\u00e9rica Latina","isPartOf":{"@id":"https:\/\/www.ufinet.com\/pt-br\/#website"},"datePublished":"2024-03-21T16:13:58+00:00","dateModified":"2024-07-03T03:00:38+00:00","breadcrumb":{"@id":"https:\/\/www.ufinet.com\/pt-br\/politica-de-cookies\/#breadcrumb"},"inLanguage":"pt-BR","potentialAction":[{"@type":"ReadAction","target":["https:\/\/www.ufinet.com\/pt-br\/politica-de-cookies\/"]}]},{"@type":"BreadcrumbList","@id":"https:\/\/www.ufinet.com\/pt-br\/politica-de-cookies\/#breadcrumb","itemListElement":[{"@type":"ListItem","position":1,"name":"Home","item":"https:\/\/www.ufinet.com\/pt-br\/"},{"@type":"ListItem","position":2,"name":"Pol\u00edtica de cookies"}]},{"@type":"WebSite","@id":"https:\/\/www.ufinet.com\/pt-br\/#website","url":"https:\/\/www.ufinet.com\/pt-br\/","name":"Ufinet","description":"Somos a \u00fanica operadora na Am\u00e9rica Latina que \u00e9 100% NEUTRA.","publisher":{"@id":"https:\/\/www.ufinet.com\/pt-br\/#organization"},"potentialAction":[{"@type":"SearchAction","target":{"@type":"EntryPoint","urlTemplate":"https:\/\/www.ufinet.com\/pt-br\/?s={search_term_string}"},"query-input":{"@type":"PropertyValueSpecification","valueRequired":true,"valueName":"search_term_string"}}],"inLanguage":"pt-BR"},{"@type":"Organization","@id":"https:\/\/www.ufinet.com\/pt-br\/#organization","name":"Ufinet","url":"https:\/\/www.ufinet.com\/pt-br\/","logo":{"@type":"ImageObject","inLanguage":"pt-BR","@id":"https:\/\/www.ufinet.com\/pt-br\/#\/schema\/logo\/image\/","url":"https:\/\/www.ufinet.com\/wp-content\/uploads\/2024\/06\/cropped-Recurso-1.png","contentUrl":"https:\/\/www.ufinet.com\/wp-content\/uploads\/2024\/06\/cropped-Recurso-1.png","width":1654,"height":705,"caption":"Ufinet"},"image":{"@id":"https:\/\/www.ufinet.com\/pt-br\/#\/schema\/logo\/image\/"}}]}},"rttpg_featured_image_url":null,"rttpg_author":{"display_name":"wowlatammk.com","author_link":"https:\/\/www.ufinet.com\/pt-br\/author\/wowlatammk-com\/"},"rttpg_comment":0,"rttpg_category":false,"rttpg_excerpt":"Pol\u00edtica de cookies De acordo com as disposi\u00e7\u00f5es da Lei 34\/2002 da Sociedade da Informa\u00e7\u00e3o e da Lei de Servi\u00e7os Eletr\u00f4nicos de 11 de julho de 2002 (a &#8220;Lei da Sociedade da Informa\u00e7\u00e3o&#8221;), o Usu\u00e1rio do Portal \u00e9 informado do seguinte: 13.1 O que s\u00e3o armazenamento local de dados, cookies e tecnologias semelhantes? O armazenamento&hellip;","_links":{"self":[{"href":"https:\/\/www.ufinet.com\/pt-br\/wp-json\/wp\/v2\/pages\/32910","targetHints":{"allow":["GET"]}}],"collection":[{"href":"https:\/\/www.ufinet.com\/pt-br\/wp-json\/wp\/v2\/pages"}],"about":[{"href":"https:\/\/www.ufinet.com\/pt-br\/wp-json\/wp\/v2\/types\/page"}],"author":[{"embeddable":true,"href":"https:\/\/www.ufinet.com\/pt-br\/wp-json\/wp\/v2\/users\/1"}],"replies":[{"embeddable":true,"href":"https:\/\/www.ufinet.com\/pt-br\/wp-json\/wp\/v2\/comments?post=32910"}],"version-history":[{"count":0,"href":"https:\/\/www.ufinet.com\/pt-br\/wp-json\/wp\/v2\/pages\/32910\/revisions"}],"wp:attachment":[{"href":"https:\/\/www.ufinet.com\/pt-br\/wp-json\/wp\/v2\/media?parent=32910"}],"curies":[{"name":"wp","href":"https:\/\/api.w.org\/{rel}","templated":true}]}}