{"id":32997,"date":"2023-09-20T02:51:29","date_gmt":"2023-09-20T08:51:29","guid":{"rendered":"https:\/\/www.ufinet.com\/ufinet-honduras\/"},"modified":"2024-07-02T20:57:16","modified_gmt":"2024-07-03T02:57:16","slug":"ufinet-honduras","status":"publish","type":"page","link":"https:\/\/www.ufinet.com\/en\/ufinet-honduras\/","title":{"rendered":"Ufinet Honduras"},"content":{"rendered":"\t\t<div data-elementor-type=\"wp-page\" data-elementor-id=\"32997\" class=\"elementor elementor-32997 elementor-3274\" data-elementor-post-type=\"page\">\n\t\t\t\t<div class=\"elementor-element elementor-element-720ceeb7 e-flex e-con-boxed e-con e-parent\" data-id=\"720ceeb7\" data-element_type=\"container\" data-e-type=\"container\" data-settings=\"{&quot;background_background&quot;:&quot;classic&quot;}\">\n\t\t\t\t\t<div class=\"e-con-inner\">\n\t\t<div class=\"elementor-element elementor-element-74375f4c e-flex e-con-boxed e-con e-child\" data-id=\"74375f4c\" data-element_type=\"container\" data-e-type=\"container\">\n\t\t\t\t\t<div class=\"e-con-inner\">\n\t\t\t\t<div class=\"elementor-element elementor-element-2d7ae6af elementor-widget elementor-widget-heading\" data-id=\"2d7ae6af\" data-element_type=\"widget\" data-e-type=\"widget\" data-widget_type=\"heading.default\">\n\t\t\t\t<div class=\"elementor-widget-container\">\n\t\t\t\t\t<h2 class=\"elementor-heading-title elementor-size-default\">Ufinet<\/h2>\t\t\t\t<\/div>\n\t\t\t\t<\/div>\n\t\t\t\t<div class=\"elementor-element elementor-element-2202711d elementor-widget elementor-widget-heading\" data-id=\"2202711d\" data-element_type=\"widget\" data-e-type=\"widget\" data-widget_type=\"heading.default\">\n\t\t\t\t<div class=\"elementor-widget-container\">\n\t\t\t\t\t<h2 class=\"elementor-heading-title elementor-size-default\">Honduras<\/h2>\t\t\t\t<\/div>\n\t\t\t\t<\/div>\n\t\t\t\t<div class=\"elementor-element elementor-element-4e4f1795 elementor-widget elementor-widget-button\" data-id=\"4e4f1795\" data-element_type=\"widget\" data-e-type=\"widget\" data-widget_type=\"button.default\">\n\t\t\t\t<div class=\"elementor-widget-container\">\n\t\t\t\t\t\t\t\t\t<div class=\"elementor-button-wrapper\">\n\t\t\t\t\t<a class=\"elementor-button elementor-button-link elementor-size-sm\" href=\"#elementor-action%3Aaction%3Dpopup%3Aopen%26settings%3DeyJpZCI6MzMyOTQsInRvZ2dsZSI6ZmFsc2V9\">\n\t\t\t\t\t\t<span class=\"elementor-button-content-wrapper\">\n\t\t\t\t\t\t\t\t\t<span class=\"elementor-button-text\">Honduras Network<\/span>\n\t\t\t\t\t<\/span>\n\t\t\t\t\t<\/a>\n\t\t\t\t<\/div>\n\t\t\t\t\t\t\t\t<\/div>\n\t\t\t\t<\/div>\n\t\t\t\t\t<\/div>\n\t\t\t\t<\/div>\n\t\t\t\t\t<\/div>\n\t\t\t\t<\/div>\n\t\t<div class=\"elementor-element elementor-element-7f59d6b2 e-flex e-con-boxed e-con e-parent\" data-id=\"7f59d6b2\" data-element_type=\"container\" data-e-type=\"container\" data-settings=\"{&quot;background_background&quot;:&quot;classic&quot;}\">\n\t\t\t\t\t<div class=\"e-con-inner\">\n\t\t\t\t<div class=\"elementor-element elementor-element-45d62686 elementor-widget elementor-widget-heading\" data-id=\"45d62686\" data-element_type=\"widget\" data-e-type=\"widget\" data-widget_type=\"heading.default\">\n\t\t\t\t<div class=\"elementor-widget-container\">\n\t\t\t\t\t<h2 class=\"elementor-heading-title elementor-size-default\">Offices in Honduras<\/h2>\t\t\t\t<\/div>\n\t\t\t\t<\/div>\n\t\t\t\t<div class=\"elementor-element elementor-element-9f257b3 e-n-tabs-mobile elementor-widget elementor-widget-n-tabs\" data-id=\"9f257b3\" data-element_type=\"widget\" data-e-type=\"widget\" data-settings=\"{&quot;tabs_justify_horizontal&quot;:&quot;center&quot;,&quot;horizontal_scroll&quot;:&quot;disable&quot;}\" data-widget_type=\"nested-tabs.default\">\n\t\t\t\t<div class=\"elementor-widget-container\">\n\t\t\t\t\t\t\t<div class=\"e-n-tabs\" data-widget-number=\"166877107\" aria-label=\"Tabs. Open items with Enter or Space, close with Escape and navigate using the Arrow keys.\">\n\t\t\t<div class=\"e-n-tabs-heading\" role=\"tablist\">\n\t\t\t\t\t<button id=\"e-n-tab-title-1668771071\" data-tab-title-id=\"e-n-tab-title-1668771071\" class=\"e-n-tab-title\" aria-selected=\"true\" data-tab-index=\"1\" role=\"tab\" tabindex=\"0\" aria-controls=\"e-n-tab-content-1668771071\" style=\"--n-tabs-title-order: 1;\">\n\t\t\t\t\t\t<span class=\"e-n-tab-title-text\">\n\t\t\t\tTegucigalpa\t\t\t<\/span>\n\t\t<\/button>\n\t\t\t\t\t<\/div>\n\t\t\t<div class=\"e-n-tabs-content\">\n\t\t\t\t<div id=\"e-n-tab-content-1668771071\" role=\"tabpanel\" aria-labelledby=\"e-n-tab-title-1668771071\" data-tab-index=\"1\" style=\"--n-tabs-title-order: 1;\" class=\"e-active elementor-element elementor-element-6fb8a80e e-con-full e-flex e-con e-child\" data-id=\"6fb8a80e\" data-element_type=\"container\" data-e-type=\"container\">\n\t\t<div class=\"elementor-element elementor-element-7db65785 e-flex e-con-boxed e-con e-child\" data-id=\"7db65785\" data-element_type=\"container\" data-e-type=\"container\">\n\t\t\t\t\t<div class=\"e-con-inner\">\n\t\t<div class=\"elementor-element elementor-element-382426c8 e-con-full e-flex e-con e-child\" data-id=\"382426c8\" data-element_type=\"container\" data-e-type=\"container\" data-settings=\"{&quot;background_background&quot;:&quot;classic&quot;}\">\n\t\t\t\t<div class=\"elementor-element elementor-element-15025e82 elementor-widget elementor-widget-heading\" data-id=\"15025e82\" data-element_type=\"widget\" data-e-type=\"widget\" data-widget_type=\"heading.default\">\n\t\t\t\t<div class=\"elementor-widget-container\">\n\t\t\t\t\t<h2 class=\"elementor-heading-title elementor-size-default\">Headquarters<\/h2>\t\t\t\t<\/div>\n\t\t\t\t<\/div>\n\t\t\t\t<div class=\"elementor-element elementor-element-7c33d94d elementor-widget elementor-widget-heading\" data-id=\"7c33d94d\" data-element_type=\"widget\" data-e-type=\"widget\" data-widget_type=\"heading.default\">\n\t\t\t\t<div class=\"elementor-widget-container\">\n\t\t\t\t\t<h2 class=\"elementor-heading-title elementor-size-default\">Tegucigalpa<\/h2>\t\t\t\t<\/div>\n\t\t\t\t<\/div>\n\t\t<div class=\"elementor-element elementor-element-2034e80d e-con-full e-flex e-con e-child\" data-id=\"2034e80d\" data-element_type=\"container\" data-e-type=\"container\">\n\t\t\t\t<div class=\"elementor-element elementor-element-5456a282 elementor-align-start elementor-icon-list--layout-traditional elementor-list-item-link-full_width elementor-widget elementor-widget-icon-list\" data-id=\"5456a282\" data-element_type=\"widget\" data-e-type=\"widget\" data-widget_type=\"icon-list.default\">\n\t\t\t\t<div class=\"elementor-widget-container\">\n\t\t\t\t\t\t\t<ul class=\"elementor-icon-list-items\">\n\t\t\t\t\t\t\t<li class=\"elementor-icon-list-item\">\n\t\t\t\t\t\t\t\t\t\t\t<span class=\"elementor-icon-list-icon\">\n\t\t\t\t\t\t\t<svg aria-hidden=\"true\" class=\"e-font-icon-svg e-fas-map-marker-alt\" viewBox=\"0 0 384 512\" xmlns=\"http:\/\/www.w3.org\/2000\/svg\"><path d=\"M172.268 501.67C26.97 291.031 0 269.413 0 192 0 85.961 85.961 0 192 0s192 85.961 192 192c0 77.413-26.97 99.031-172.268 309.67-9.535 13.774-29.93 13.773-39.464 0zM192 272c44.183 0 80-35.817 80-80s-35.817-80-80-80-80 35.817-80 80 35.817 80 80 80z\"><\/path><\/svg>\t\t\t\t\t\t<\/span>\n\t\t\t\t\t\t\t\t\t\t<span class=\"elementor-icon-list-text\">Torre Moraz\u00e1n I Building, Level 15<\/span>\n\t\t\t\t\t\t\t\t\t<\/li>\n\t\t\t\t\t\t\t\t<li class=\"elementor-icon-list-item\">\n\t\t\t\t\t\t\t\t\t\t<span class=\"elementor-icon-list-text\">Premises 11504-11506, Blvd Moraz\u00e1n<\/span>\n\t\t\t\t\t\t\t\t\t<\/li>\n\t\t\t\t\t\t\t\t<li class=\"elementor-icon-list-item\">\n\t\t\t\t\t\t\t\t\t\t<span class=\"elementor-icon-list-text\">Tegucigalpa, Honduras<\/span>\n\t\t\t\t\t\t\t\t\t<\/li>\n\t\t\t\t\t\t\t\t<li class=\"elementor-icon-list-item\">\n\t\t\t\t\t\t\t\t\t\t\t<span class=\"elementor-icon-list-icon\">\n\t\t\t\t\t\t\t<svg aria-hidden=\"true\" class=\"e-font-icon-svg e-fas-phone-alt\" viewBox=\"0 0 512 512\" xmlns=\"http:\/\/www.w3.org\/2000\/svg\"><path d=\"M497.39 361.8l-112-48a24 24 0 0 0-28 6.9l-49.6 60.6A370.66 370.66 0 0 1 130.6 204.11l60.6-49.6a23.94 23.94 0 0 0 6.9-28l-48-112A24.16 24.16 0 0 0 122.6.61l-104 24A24 24 0 0 0 0 48c0 256.5 207.9 464 464 464a24 24 0 0 0 23.4-18.6l24-104a24.29 24.29 0 0 0-14.01-27.6z\"><\/path><\/svg>\t\t\t\t\t\t<\/span>\n\t\t\t\t\t\t\t\t\t\t<span class=\"elementor-icon-list-text\">+504 2271 0313<\/span>\n\t\t\t\t\t\t\t\t\t<\/li>\n\t\t\t\t\t\t<\/ul>\n\t\t\t\t\t\t<\/div>\n\t\t\t\t<\/div>\n\t\t\t\t<\/div>\n\t\t\t\t<\/div>\n\t\t<div class=\"elementor-element elementor-element-6791b79d e-con-full e-flex e-con e-child\" data-id=\"6791b79d\" data-element_type=\"container\" data-e-type=\"container\">\n\t\t\t\t<div class=\"elementor-element elementor-element-9f629a1 elementor-widget elementor-widget-google_maps\" data-id=\"9f629a1\" data-element_type=\"widget\" data-e-type=\"widget\" data-widget_type=\"google_maps.default\">\n\t\t\t\t<div class=\"elementor-widget-container\">\n\t\t\t\t\t\t\t<div class=\"elementor-custom-embed\">\n\t\t\t<iframe loading=\"lazy\"\n\t\t\t\t\tsrc=\"https:\/\/maps.google.com\/maps?q=14.100969100650653%2C%20-87.18219268096996&#038;t=m&#038;z=19&#038;output=embed&#038;iwloc=near\"\n\t\t\t\t\ttitle=\"14.100969100650653, -87.18219268096996\"\n\t\t\t\t\taria-label=\"14.100969100650653, -87.18219268096996\"\n\t\t\t><\/iframe>\n\t\t<\/div>\n\t\t\t\t\t\t<\/div>\n\t\t\t\t<\/div>\n\t\t\t\t<\/div>\n\t\t\t\t\t<\/div>\n\t\t\t\t<\/div>\n\t\t\t\t<\/div>\n\t\t\t\t\t<\/div>\n\t\t<\/div>\n\t\t\t\t\t\t<\/div>\n\t\t\t\t<\/div>\n\t\t\t\t\t<\/div>\n\t\t\t\t<\/div>\n\t\t<div class=\"elementor-element elementor-element-52c147df e-flex e-con-boxed e-con e-parent\" data-id=\"52c147df\" data-element_type=\"container\" data-e-type=\"container\" data-settings=\"{&quot;background_background&quot;:&quot;classic&quot;}\">\n\t\t\t\t\t<div class=\"e-con-inner\">\n\t\t\t\t<div class=\"elementor-element elementor-element-78da73fa elementor-widget elementor-widget-heading\" data-id=\"78da73fa\" data-element_type=\"widget\" data-e-type=\"widget\" data-widget_type=\"heading.default\">\n\t\t\t\t<div class=\"elementor-widget-container\">\n\t\t\t\t\t<h4 class=\"elementor-heading-title elementor-size-default\">Contact one of our specialists<\/h4>\t\t\t\t<\/div>\n\t\t\t\t<\/div>\n\t\t\t\t<div class=\"elementor-element elementor-element-704e51b elementor-widget elementor-widget-global elementor-global-33190 elementor-global-8282 elementor-widget-button\" data-id=\"704e51b\" data-element_type=\"widget\" data-e-type=\"widget\" data-widget_type=\"button.default\">\n\t\t\t\t<div class=\"elementor-widget-container\">\n\t\t\t\t\t\t\t\t\t<div class=\"elementor-button-wrapper\">\n\t\t\t\t\t<a class=\"elementor-button elementor-button-link elementor-size-sm\" href=\"https:\/\/www.ufinet.com\/en\/contact-us-at\/\">\n\t\t\t\t\t\t<span class=\"elementor-button-content-wrapper\">\n\t\t\t\t\t\t\t\t\t<span class=\"elementor-button-text\">Contact us<\/span>\n\t\t\t\t\t<\/span>\n\t\t\t\t\t<\/a>\n\t\t\t\t<\/div>\n\t\t\t\t\t\t\t\t<\/div>\n\t\t\t\t<\/div>\n\t\t\t\t<div class=\"elementor-element elementor-element-b3d82ca elementor-view-stacked elementor-fixed elementor-hidden-tablet elementor-shape-circle elementor-widget elementor-widget-icon\" data-id=\"b3d82ca\" data-element_type=\"widget\" data-e-type=\"widget\" data-settings=\"{&quot;sticky&quot;:&quot;bottom&quot;,&quot;sticky_offset&quot;:80,&quot;_position&quot;:&quot;fixed&quot;,&quot;sticky_on&quot;:[&quot;desktop&quot;,&quot;laptop&quot;,&quot;tablet&quot;,&quot;mobile&quot;],&quot;sticky_effects_offset&quot;:0,&quot;sticky_anchor_link_offset&quot;:0}\" data-widget_type=\"icon.default\">\n\t\t\t\t<div class=\"elementor-widget-container\">\n\t\t\t\t\t\t\t<div class=\"elementor-icon-wrapper\">\n\t\t\t<a class=\"elementor-icon\" href=\"https:\/\/www.ufinet.com\/contactanos\/\">\n\t\t\t<i aria-hidden=\"true\" class=\"icon icon-contact\"><\/i>\t\t\t<\/a>\n\t\t<\/div>\n\t\t\t\t\t\t<\/div>\n\t\t\t\t<\/div>\n\t\t\t\t\t<\/div>\n\t\t\t\t<\/div>\n\t\t\t\t<\/div>\n\t\t","protected":false},"excerpt":{"rendered":"<p>Ufinet Honduras Honduras Network Offices in Honduras Tegucigalpa Headquarters Tegucigalpa Torre Moraz\u00e1n I Building, Level 15 Premises 11504-11506, Blvd Moraz\u00e1n Tegucigalpa, Honduras +504 2271 0313 Headquarters Tegucigalpa Torre Moraz\u00e1n I Building, Level 15 Premises 11504-11506, Blvd Moraz\u00e1n Tegucigalpa, Honduras +504 2271 0313 Contact one of our specialists Cont\u00e1ctanos<\/p>\n","protected":false},"author":1,"featured_media":31871,"parent":0,"menu_order":0,"comment_status":"closed","ping_status":"closed","template":"","meta":{"site-sidebar-layout":"no-sidebar","site-content-layout":"page-builder","ast-site-content-layout":"default","site-content-style":"default","site-sidebar-style":"default","ast-global-header-display":"","ast-banner-title-visibility":"","ast-main-header-display":"","ast-hfb-above-header-display":"","ast-hfb-below-header-display":"","ast-hfb-mobile-header-display":"","site-post-title":"disabled","ast-breadcrumbs-content":"","ast-featured-img":"disabled","footer-sml-layout":"","ast-disable-related-posts":"","theme-transparent-header-meta":"","adv-header-id-meta":"","stick-header-meta":"","header-above-stick-meta":"","header-main-stick-meta":"","header-below-stick-meta":"","astra-migrate-meta-layouts":"default","ast-page-background-enabled":"default","ast-page-background-meta":{"desktop":{"background-color":"","background-image":"","background-repeat":"repeat","background-position":"center center","background-size":"auto","background-attachment":"scroll","background-type":"","background-media":"","overlay-type":"","overlay-color":"","overlay-opacity":"","overlay-gradient":""},"tablet":{"background-color":"","background-image":"","background-repeat":"repeat","background-position":"center center","background-size":"auto","background-attachment":"scroll","background-type":"","background-media":"","overlay-type":"","overlay-color":"","overlay-opacity":"","overlay-gradient":""},"mobile":{"background-color":"","background-image":"","background-repeat":"repeat","background-position":"center center","background-size":"auto","background-attachment":"scroll","background-type":"","background-media":"","overlay-type":"","overlay-color":"","overlay-opacity":"","overlay-gradient":""}},"ast-content-background-meta":{"desktop":{"background-color":"var(--ast-global-color-5)","background-image":"","background-repeat":"repeat","background-position":"center center","background-size":"auto","background-attachment":"scroll","background-type":"","background-media":"","overlay-type":"","overlay-color":"","overlay-opacity":"","overlay-gradient":""},"tablet":{"background-color":"var(--ast-global-color-5)","background-image":"","background-repeat":"repeat","background-position":"center center","background-size":"auto","background-attachment":"scroll","background-type":"","background-media":"","overlay-type":"","overlay-color":"","overlay-opacity":"","overlay-gradient":""},"mobile":{"background-color":"var(--ast-global-color-5)","background-image":"","background-repeat":"repeat","background-position":"center center","background-size":"auto","background-attachment":"scroll","background-type":"","background-media":"","overlay-type":"","overlay-color":"","overlay-opacity":"","overlay-gradient":""}},"footnotes":""},"class_list":["post-32997","page","type-page","status-publish","has-post-thumbnail","hentry"],"yoast_head":"<!-- This site is optimized with the Yoast SEO plugin v27.4 - https:\/\/yoast.com\/product\/yoast-seo-wordpress\/ -->\n<title>Ufinet Honduras - Ufinet | The Network that connects you to Latin America<\/title>\n<meta name=\"robots\" content=\"index, follow, max-snippet:-1, max-image-preview:large, max-video-preview:-1\" \/>\n<link rel=\"canonical\" href=\"https:\/\/www.ufinet.com\/en\/ufinet-honduras\/\" \/>\n<meta property=\"og:locale\" content=\"en_US\" \/>\n<meta property=\"og:type\" content=\"article\" \/>\n<meta property=\"og:title\" content=\"Ufinet Honduras - Ufinet | The Network that connects you to Latin America\" \/>\n<meta property=\"og:description\" content=\"Ufinet Honduras Honduras Network Offices in Honduras Tegucigalpa Headquarters Tegucigalpa Torre Moraz\u00e1n I Building, Level 15 Premises 11504-11506, Blvd Moraz\u00e1n Tegucigalpa, Honduras +504 2271 0313 Headquarters Tegucigalpa Torre Moraz\u00e1n I Building, Level 15 Premises 11504-11506, Blvd Moraz\u00e1n Tegucigalpa, Honduras +504 2271 0313 Contact one of our specialists Cont\u00e1ctanos\" \/>\n<meta property=\"og:url\" content=\"https:\/\/www.ufinet.com\/en\/ufinet-honduras\/\" \/>\n<meta property=\"og:site_name\" content=\"Ufinet | The Network that connects you to Latin America\" \/>\n<meta property=\"article:modified_time\" content=\"2024-07-03T02:57:16+00:00\" \/>\n<meta property=\"og:image\" content=\"https:\/\/www.ufinet.com\/wp-content\/uploads\/2023\/09\/shutterstock_384448027-1-scaled.jpg\" \/>\n\t<meta property=\"og:image:width\" content=\"2560\" \/>\n\t<meta property=\"og:image:height\" content=\"904\" \/>\n\t<meta property=\"og:image:type\" content=\"image\/jpeg\" \/>\n<meta name=\"twitter:card\" content=\"summary_large_image\" \/>\n<meta name=\"twitter:label1\" content=\"Est. reading time\" \/>\n\t<meta name=\"twitter:data1\" content=\"1 minute\" \/>\n<script type=\"application\/ld+json\" class=\"yoast-schema-graph\">{\"@context\":\"https:\\\/\\\/schema.org\",\"@graph\":[{\"@type\":\"WebPage\",\"@id\":\"https:\\\/\\\/www.ufinet.com\\\/en\\\/ufinet-honduras\\\/\",\"url\":\"https:\\\/\\\/www.ufinet.com\\\/en\\\/ufinet-honduras\\\/\",\"name\":\"Ufinet Honduras - Ufinet | The Network that connects you to Latin America\",\"isPartOf\":{\"@id\":\"https:\\\/\\\/www.ufinet.com\\\/en\\\/#website\"},\"primaryImageOfPage\":{\"@id\":\"https:\\\/\\\/www.ufinet.com\\\/en\\\/ufinet-honduras\\\/#primaryimage\"},\"image\":{\"@id\":\"https:\\\/\\\/www.ufinet.com\\\/en\\\/ufinet-honduras\\\/#primaryimage\"},\"thumbnailUrl\":\"https:\\\/\\\/www.ufinet.com\\\/wp-content\\\/uploads\\\/2023\\\/09\\\/shutterstock_384448027-1-scaled.jpg\",\"datePublished\":\"2023-09-20T08:51:29+00:00\",\"dateModified\":\"2024-07-03T02:57:16+00:00\",\"breadcrumb\":{\"@id\":\"https:\\\/\\\/www.ufinet.com\\\/en\\\/ufinet-honduras\\\/#breadcrumb\"},\"inLanguage\":\"en-US\",\"potentialAction\":[{\"@type\":\"ReadAction\",\"target\":[\"https:\\\/\\\/www.ufinet.com\\\/en\\\/ufinet-honduras\\\/\"]}]},{\"@type\":\"ImageObject\",\"inLanguage\":\"en-US\",\"@id\":\"https:\\\/\\\/www.ufinet.com\\\/en\\\/ufinet-honduras\\\/#primaryimage\",\"url\":\"https:\\\/\\\/www.ufinet.com\\\/wp-content\\\/uploads\\\/2023\\\/09\\\/shutterstock_384448027-1-scaled.jpg\",\"contentUrl\":\"https:\\\/\\\/www.ufinet.com\\\/wp-content\\\/uploads\\\/2023\\\/09\\\/shutterstock_384448027-1-scaled.jpg\",\"width\":2560,\"height\":904},{\"@type\":\"BreadcrumbList\",\"@id\":\"https:\\\/\\\/www.ufinet.com\\\/en\\\/ufinet-honduras\\\/#breadcrumb\",\"itemListElement\":[{\"@type\":\"ListItem\",\"position\":1,\"name\":\"Home\",\"item\":\"https:\\\/\\\/www.ufinet.com\\\/en\\\/\"},{\"@type\":\"ListItem\",\"position\":2,\"name\":\"Ufinet Honduras\"}]},{\"@type\":\"WebSite\",\"@id\":\"https:\\\/\\\/www.ufinet.com\\\/en\\\/#website\",\"url\":\"https:\\\/\\\/www.ufinet.com\\\/en\\\/\",\"name\":\"Ufinet\",\"description\":\"We are the only operator in Latin America that is 100% NEUTRAL.\",\"publisher\":{\"@id\":\"https:\\\/\\\/www.ufinet.com\\\/en\\\/#organization\"},\"potentialAction\":[{\"@type\":\"SearchAction\",\"target\":{\"@type\":\"EntryPoint\",\"urlTemplate\":\"https:\\\/\\\/www.ufinet.com\\\/en\\\/?s={search_term_string}\"},\"query-input\":{\"@type\":\"PropertyValueSpecification\",\"valueRequired\":true,\"valueName\":\"search_term_string\"}}],\"inLanguage\":\"en-US\"},{\"@type\":\"Organization\",\"@id\":\"https:\\\/\\\/www.ufinet.com\\\/en\\\/#organization\",\"name\":\"Ufinet\",\"url\":\"https:\\\/\\\/www.ufinet.com\\\/en\\\/\",\"logo\":{\"@type\":\"ImageObject\",\"inLanguage\":\"en-US\",\"@id\":\"https:\\\/\\\/www.ufinet.com\\\/en\\\/#\\\/schema\\\/logo\\\/image\\\/\",\"url\":\"https:\\\/\\\/www.ufinet.com\\\/wp-content\\\/uploads\\\/2024\\\/06\\\/cropped-Recurso-1.png\",\"contentUrl\":\"https:\\\/\\\/www.ufinet.com\\\/wp-content\\\/uploads\\\/2024\\\/06\\\/cropped-Recurso-1.png\",\"width\":1654,\"height\":705,\"caption\":\"Ufinet\"},\"image\":{\"@id\":\"https:\\\/\\\/www.ufinet.com\\\/en\\\/#\\\/schema\\\/logo\\\/image\\\/\"}}]}<\/script>\n<!-- \/ Yoast SEO plugin. -->","yoast_head_json":{"title":"Ufinet Honduras - Ufinet | The Network that connects you to Latin America","robots":{"index":"index","follow":"follow","max-snippet":"max-snippet:-1","max-image-preview":"max-image-preview:large","max-video-preview":"max-video-preview:-1"},"canonical":"https:\/\/www.ufinet.com\/en\/ufinet-honduras\/","og_locale":"en_US","og_type":"article","og_title":"Ufinet Honduras - Ufinet | The Network that connects you to Latin America","og_description":"Ufinet Honduras Honduras Network Offices in Honduras Tegucigalpa Headquarters Tegucigalpa Torre Moraz\u00e1n I Building, Level 15 Premises 11504-11506, Blvd Moraz\u00e1n Tegucigalpa, Honduras +504 2271 0313 Headquarters Tegucigalpa Torre Moraz\u00e1n I Building, Level 15 Premises 11504-11506, Blvd Moraz\u00e1n Tegucigalpa, Honduras +504 2271 0313 Contact one of our specialists Cont\u00e1ctanos","og_url":"https:\/\/www.ufinet.com\/en\/ufinet-honduras\/","og_site_name":"Ufinet | The Network that connects you to Latin America","article_modified_time":"2024-07-03T02:57:16+00:00","og_image":[{"width":2560,"height":904,"url":"https:\/\/www.ufinet.com\/wp-content\/uploads\/2023\/09\/shutterstock_384448027-1-scaled.jpg","type":"image\/jpeg"}],"twitter_card":"summary_large_image","twitter_misc":{"Est. reading time":"1 minute"},"schema":{"@context":"https:\/\/schema.org","@graph":[{"@type":"WebPage","@id":"https:\/\/www.ufinet.com\/en\/ufinet-honduras\/","url":"https:\/\/www.ufinet.com\/en\/ufinet-honduras\/","name":"Ufinet Honduras - Ufinet | The Network that connects you to Latin America","isPartOf":{"@id":"https:\/\/www.ufinet.com\/en\/#website"},"primaryImageOfPage":{"@id":"https:\/\/www.ufinet.com\/en\/ufinet-honduras\/#primaryimage"},"image":{"@id":"https:\/\/www.ufinet.com\/en\/ufinet-honduras\/#primaryimage"},"thumbnailUrl":"https:\/\/www.ufinet.com\/wp-content\/uploads\/2023\/09\/shutterstock_384448027-1-scaled.jpg","datePublished":"2023-09-20T08:51:29+00:00","dateModified":"2024-07-03T02:57:16+00:00","breadcrumb":{"@id":"https:\/\/www.ufinet.com\/en\/ufinet-honduras\/#breadcrumb"},"inLanguage":"en-US","potentialAction":[{"@type":"ReadAction","target":["https:\/\/www.ufinet.com\/en\/ufinet-honduras\/"]}]},{"@type":"ImageObject","inLanguage":"en-US","@id":"https:\/\/www.ufinet.com\/en\/ufinet-honduras\/#primaryimage","url":"https:\/\/www.ufinet.com\/wp-content\/uploads\/2023\/09\/shutterstock_384448027-1-scaled.jpg","contentUrl":"https:\/\/www.ufinet.com\/wp-content\/uploads\/2023\/09\/shutterstock_384448027-1-scaled.jpg","width":2560,"height":904},{"@type":"BreadcrumbList","@id":"https:\/\/www.ufinet.com\/en\/ufinet-honduras\/#breadcrumb","itemListElement":[{"@type":"ListItem","position":1,"name":"Home","item":"https:\/\/www.ufinet.com\/en\/"},{"@type":"ListItem","position":2,"name":"Ufinet Honduras"}]},{"@type":"WebSite","@id":"https:\/\/www.ufinet.com\/en\/#website","url":"https:\/\/www.ufinet.com\/en\/","name":"Ufinet","description":"We are the only operator in Latin America that is 100% NEUTRAL.","publisher":{"@id":"https:\/\/www.ufinet.com\/en\/#organization"},"potentialAction":[{"@type":"SearchAction","target":{"@type":"EntryPoint","urlTemplate":"https:\/\/www.ufinet.com\/en\/?s={search_term_string}"},"query-input":{"@type":"PropertyValueSpecification","valueRequired":true,"valueName":"search_term_string"}}],"inLanguage":"en-US"},{"@type":"Organization","@id":"https:\/\/www.ufinet.com\/en\/#organization","name":"Ufinet","url":"https:\/\/www.ufinet.com\/en\/","logo":{"@type":"ImageObject","inLanguage":"en-US","@id":"https:\/\/www.ufinet.com\/en\/#\/schema\/logo\/image\/","url":"https:\/\/www.ufinet.com\/wp-content\/uploads\/2024\/06\/cropped-Recurso-1.png","contentUrl":"https:\/\/www.ufinet.com\/wp-content\/uploads\/2024\/06\/cropped-Recurso-1.png","width":1654,"height":705,"caption":"Ufinet"},"image":{"@id":"https:\/\/www.ufinet.com\/en\/#\/schema\/logo\/image\/"}}]}},"rttpg_featured_image_url":{"full":["https:\/\/www.ufinet.com\/wp-content\/uploads\/2023\/09\/shutterstock_384448027-1-scaled.jpg",2560,904,false],"landscape":["https:\/\/www.ufinet.com\/wp-content\/uploads\/2023\/09\/shutterstock_384448027-1-scaled.jpg",2560,904,false],"portraits":["https:\/\/www.ufinet.com\/wp-content\/uploads\/2023\/09\/shutterstock_384448027-1-scaled.jpg",2560,904,false],"thumbnail":["https:\/\/www.ufinet.com\/wp-content\/uploads\/2023\/09\/shutterstock_384448027-1-150x150.jpg",150,150,true],"medium":["https:\/\/www.ufinet.com\/wp-content\/uploads\/2023\/09\/shutterstock_384448027-1-300x106.jpg",300,106,true],"large":["https:\/\/www.ufinet.com\/wp-content\/uploads\/2023\/09\/shutterstock_384448027-1-1024x361.jpg",1024,361,true],"1536x1536":["https:\/\/www.ufinet.com\/wp-content\/uploads\/2023\/09\/shutterstock_384448027-1-1536x542.jpg",1536,542,true],"2048x2048":["https:\/\/www.ufinet.com\/wp-content\/uploads\/2023\/09\/shutterstock_384448027-1-2048x723.jpg",2048,723,true],"htliser_size_396x360":["https:\/\/www.ufinet.com\/wp-content\/uploads\/2023\/09\/shutterstock_384448027-1-scaled.jpg",396,140,false],"htslider_size_1170x536":["https:\/\/www.ufinet.com\/wp-content\/uploads\/2023\/09\/shutterstock_384448027-1-scaled.jpg",1170,413,false]},"rttpg_author":{"display_name":"wowlatammk.com","author_link":"https:\/\/www.ufinet.com\/en\/author\/wowlatammk-com\/"},"rttpg_comment":0,"rttpg_category":false,"rttpg_excerpt":"Ufinet Honduras Honduras Network Offices in Honduras Tegucigalpa Headquarters Tegucigalpa Torre Moraz\u00e1n I Building, Level 15 Premises 11504-11506, Blvd Moraz\u00e1n Tegucigalpa, Honduras +504 2271 0313 Headquarters Tegucigalpa Torre Moraz\u00e1n I Building, Level 15 Premises 11504-11506, Blvd Moraz\u00e1n Tegucigalpa, Honduras +504 2271 0313 Contact one of our specialists Cont\u00e1ctanos","_links":{"self":[{"href":"https:\/\/www.ufinet.com\/en\/wp-json\/wp\/v2\/pages\/32997","targetHints":{"allow":["GET"]}}],"collection":[{"href":"https:\/\/www.ufinet.com\/en\/wp-json\/wp\/v2\/pages"}],"about":[{"href":"https:\/\/www.ufinet.com\/en\/wp-json\/wp\/v2\/types\/page"}],"author":[{"embeddable":true,"href":"https:\/\/www.ufinet.com\/en\/wp-json\/wp\/v2\/users\/1"}],"replies":[{"embeddable":true,"href":"https:\/\/www.ufinet.com\/en\/wp-json\/wp\/v2\/comments?post=32997"}],"version-history":[{"count":0,"href":"https:\/\/www.ufinet.com\/en\/wp-json\/wp\/v2\/pages\/32997\/revisions"}],"wp:featuredmedia":[{"embeddable":true,"href":"https:\/\/www.ufinet.com\/en\/wp-json\/wp\/v2\/media\/31871"}],"wp:attachment":[{"href":"https:\/\/www.ufinet.com\/en\/wp-json\/wp\/v2\/media?parent=32997"}],"curies":[{"name":"wp","href":"https:\/\/api.w.org\/{rel}","templated":true}]}}